{"id":2,"date":"2025-02-03T15:06:26","date_gmt":"2025-02-03T15:06:26","guid":{"rendered":"https:\/\/bet1x2.com\/ee\/?page_id=2"},"modified":"2025-02-24T11:02:11","modified_gmt":"2025-02-24T09:02:11","slug":"kasiinod","status":"publish","type":"page","link":"https:\/\/bet1x2.com\/ee\/","title":{"rendered":"Kasiinod"},"content":{"rendered":"\n<h2 class=\"wp-block-heading\" id=\"kasiinode-seadusandlus\">Eesti kasiinod ja nende seadusandlus<\/h2>\n\n\n\n<p>Eesti kasiinod ja nende turvalisus ei ole mitte ainult meie prioriteet, vaid ka Eestis online kasiino litsentse v\u00e4lja andva Eesti Maksu- ja Tolliameti oma.<\/p>\n\n\n\n<p>Kui sa ei tea milline online kasiino Eesti Maksu ja- Tolliametilt litsentsi on saanud, siis sellega saame me kindlasti aidata, kuna meie kasiino arvustuste lehek\u00fcljelt leiab ainult lubatud online kasiinod Eestis. Teistest kasiinodest me isegi ei r\u00e4\u00e4gi.<\/p>\n","protected":false},"excerpt":{"rendered":"<p>Eesti kasiinod ja nende seadusandlus Eesti kasiinod ja nende turvalisus ei ole mitte ainult meie prioriteet, vaid ka Eestis online kasiino litsentse v\u00e4lja andva Eesti Maksu- ja Tolliameti oma. Kui sa ei tea milline online kasiino Eesti Maksu ja- Tolliametilt litsentsi on saanud, siis sellega saame me kindlasti aidata, kuna meie kasiino arvustuste lehek\u00fcljelt leiab &#8230; <a title=\"Kasiinod\" class=\"read-more\" href=\"https:\/\/bet1x2.com\/ee\/\" aria-label=\"Read more about Kasiinod\">Read more<\/a><\/p>\n","protected":false},"author":1,"featured_media":0,"parent":0,"menu_order":0,"comment_status":"closed","ping_status":"open","template":"","meta":{"footnotes":""},"class_list":["post-2","page","type-page","status-publish"],"yoast_head":"<!-- This site is optimized with the Yoast SEO Premium plugin v24.8 (Yoast SEO v27.2) - https:\/\/yoast.com\/product\/yoast-seo-premium-wordpress\/ -->\n<title>Parim Online Kasiino Juhend Eesti M\u00e4ngijatele | Arvustused &amp; Boonused<\/title>\n<meta name=\"description\" content=\"Leia parimad online-kasiinod Eestis! Usaldusv\u00e4\u00e4rsed kasiinoarvustused, eksklusiivsed boonused ja tasuta spinnide pakkumised Eesti m\u00e4ngijatele. M\u00e4ngi turvaliselt!\" \/>\n<meta name=\"robots\" content=\"index, follow, max-snippet:-1, max-image-preview:large, max-video-preview:-1\" \/>\n<link rel=\"canonical\" href=\"https:\/\/bet1x2.com\/ee\/\" \/>\n<meta property=\"og:locale\" content=\"et_EE\" \/>\n<meta property=\"og:type\" content=\"article\" \/>\n<meta property=\"og:title\" content=\"Kasiinod\" \/>\n<meta property=\"og:description\" content=\"Leia parimad online-kasiinod Eestis! Usaldusv\u00e4\u00e4rsed kasiinoarvustused, eksklusiivsed boonused ja tasuta spinnide pakkumised Eesti m\u00e4ngijatele. M\u00e4ngi turvaliselt!\" \/>\n<meta property=\"og:url\" content=\"https:\/\/bet1x2.com\/ee\/\" \/>\n<meta property=\"og:site_name\" content=\"Bet1x2\" \/>\n<meta property=\"article:modified_time\" content=\"2025-02-24T09:02:11+00:00\" \/>\n<meta name=\"twitter:card\" content=\"summary_large_image\" \/>\n<meta name=\"twitter:label1\" content=\"Est. reading time\" \/>\n\t<meta name=\"twitter:data1\" content=\"1 minut\" \/>\n<script type=\"application\/ld+json\" class=\"yoast-schema-graph\">{\"@context\":\"https:\/\/schema.org\",\"@graph\":[{\"@type\":\"WebPage\",\"@id\":\"https:\/\/bet1x2.com\/ee\/\",\"url\":\"https:\/\/bet1x2.com\/ee\/\",\"name\":\"Parim Online Kasiino Juhend Eesti M\u00e4ngijatele | Arvustused & Boonused\",\"isPartOf\":{\"@id\":\"https:\/\/bet1x2.com\/ee\/#website\"},\"datePublished\":\"2025-02-03T15:06:26+00:00\",\"dateModified\":\"2025-02-24T09:02:11+00:00\",\"description\":\"Leia parimad online-kasiinod Eestis! Usaldusv\u00e4\u00e4rsed kasiinoarvustused, eksklusiivsed boonused ja tasuta spinnide pakkumised Eesti m\u00e4ngijatele. M\u00e4ngi turvaliselt!\",\"breadcrumb\":{\"@id\":\"https:\/\/bet1x2.com\/ee\/#breadcrumb\"},\"inLanguage\":\"et\",\"potentialAction\":[{\"@type\":\"ReadAction\",\"target\":[\"https:\/\/bet1x2.com\/ee\/\"]}]},{\"@type\":\"BreadcrumbList\",\"@id\":\"https:\/\/bet1x2.com\/ee\/#breadcrumb\",\"itemListElement\":[{\"@type\":\"ListItem\",\"position\":1,\"name\":\"Home\",\"item\":\"https:\/\/bet1x2.com\/ee\/\"},{\"@type\":\"ListItem\",\"position\":2,\"name\":\"Kasiinod\"}]},{\"@type\":\"WebSite\",\"@id\":\"https:\/\/bet1x2.com\/ee\/#website\",\"url\":\"https:\/\/bet1x2.com\/ee\/\",\"name\":\"Bet1x2\",\"description\":\"Eesti online-kasiino boonused ja kampaaniad\",\"publisher\":{\"@id\":\"https:\/\/bet1x2.com\/ee\/#organization\"},\"potentialAction\":[{\"@type\":\"SearchAction\",\"target\":{\"@type\":\"EntryPoint\",\"urlTemplate\":\"https:\/\/bet1x2.com\/ee\/?s={search_term_string}\"},\"query-input\":{\"@type\":\"PropertyValueSpecification\",\"valueRequired\":true,\"valueName\":\"search_term_string\"}}],\"inLanguage\":\"et\"},{\"@type\":\"Organization\",\"@id\":\"https:\/\/bet1x2.com\/ee\/#organization\",\"name\":\"Bet1x2\",\"url\":\"https:\/\/bet1x2.com\/ee\/\",\"logo\":{\"@type\":\"ImageObject\",\"inLanguage\":\"et\",\"@id\":\"https:\/\/bet1x2.com\/ee\/#\/schema\/logo\/image\/\",\"url\":\"https:\/\/bet1x2.com\/ee\/wp-content\/uploads\/sites\/2\/2025\/02\/ee.svg\",\"contentUrl\":\"https:\/\/bet1x2.com\/ee\/wp-content\/uploads\/sites\/2\/2025\/02\/ee.svg\",\"caption\":\"Bet1x2\"},\"image\":{\"@id\":\"https:\/\/bet1x2.com\/ee\/#\/schema\/logo\/image\/\"}}]}<\/script>\n<!-- \/ Yoast SEO Premium plugin. -->","yoast_head_json":{"title":"Parim Online Kasiino Juhend Eesti M\u00e4ngijatele | Arvustused & Boonused","description":"Leia parimad online-kasiinod Eestis! Usaldusv\u00e4\u00e4rsed kasiinoarvustused, eksklusiivsed boonused ja tasuta spinnide pakkumised Eesti m\u00e4ngijatele. M\u00e4ngi turvaliselt!","robots":{"index":"index","follow":"follow","max-snippet":"max-snippet:-1","max-image-preview":"max-image-preview:large","max-video-preview":"max-video-preview:-1"},"canonical":"https:\/\/bet1x2.com\/ee\/","og_locale":"et_EE","og_type":"article","og_title":"Kasiinod","og_description":"Leia parimad online-kasiinod Eestis! Usaldusv\u00e4\u00e4rsed kasiinoarvustused, eksklusiivsed boonused ja tasuta spinnide pakkumised Eesti m\u00e4ngijatele. M\u00e4ngi turvaliselt!","og_url":"https:\/\/bet1x2.com\/ee\/","og_site_name":"Bet1x2","article_modified_time":"2025-02-24T09:02:11+00:00","twitter_card":"summary_large_image","twitter_misc":{"Est. reading time":"1 minut"},"schema":{"@context":"https:\/\/schema.org","@graph":[{"@type":"WebPage","@id":"https:\/\/bet1x2.com\/ee\/","url":"https:\/\/bet1x2.com\/ee\/","name":"Parim Online Kasiino Juhend Eesti M\u00e4ngijatele | Arvustused & Boonused","isPartOf":{"@id":"https:\/\/bet1x2.com\/ee\/#website"},"datePublished":"2025-02-03T15:06:26+00:00","dateModified":"2025-02-24T09:02:11+00:00","description":"Leia parimad online-kasiinod Eestis! Usaldusv\u00e4\u00e4rsed kasiinoarvustused, eksklusiivsed boonused ja tasuta spinnide pakkumised Eesti m\u00e4ngijatele. M\u00e4ngi turvaliselt!","breadcrumb":{"@id":"https:\/\/bet1x2.com\/ee\/#breadcrumb"},"inLanguage":"et","potentialAction":[{"@type":"ReadAction","target":["https:\/\/bet1x2.com\/ee\/"]}]},{"@type":"BreadcrumbList","@id":"https:\/\/bet1x2.com\/ee\/#breadcrumb","itemListElement":[{"@type":"ListItem","position":1,"name":"Home","item":"https:\/\/bet1x2.com\/ee\/"},{"@type":"ListItem","position":2,"name":"Kasiinod"}]},{"@type":"WebSite","@id":"https:\/\/bet1x2.com\/ee\/#website","url":"https:\/\/bet1x2.com\/ee\/","name":"Bet1x2","description":"Eesti online-kasiino boonused ja kampaaniad","publisher":{"@id":"https:\/\/bet1x2.com\/ee\/#organization"},"potentialAction":[{"@type":"SearchAction","target":{"@type":"EntryPoint","urlTemplate":"https:\/\/bet1x2.com\/ee\/?s={search_term_string}"},"query-input":{"@type":"PropertyValueSpecification","valueRequired":true,"valueName":"search_term_string"}}],"inLanguage":"et"},{"@type":"Organization","@id":"https:\/\/bet1x2.com\/ee\/#organization","name":"Bet1x2","url":"https:\/\/bet1x2.com\/ee\/","logo":{"@type":"ImageObject","inLanguage":"et","@id":"https:\/\/bet1x2.com\/ee\/#\/schema\/logo\/image\/","url":"https:\/\/bet1x2.com\/ee\/wp-content\/uploads\/sites\/2\/2025\/02\/ee.svg","contentUrl":"https:\/\/bet1x2.com\/ee\/wp-content\/uploads\/sites\/2\/2025\/02\/ee.svg","caption":"Bet1x2"},"image":{"@id":"https:\/\/bet1x2.com\/ee\/#\/schema\/logo\/image\/"}}]}},"_links":{"self":[{"href":"https:\/\/bet1x2.com\/ee\/wp-json\/wp\/v2\/pages\/2","targetHints":{"allow":["GET"]}}],"collection":[{"href":"https:\/\/bet1x2.com\/ee\/wp-json\/wp\/v2\/pages"}],"about":[{"href":"https:\/\/bet1x2.com\/ee\/wp-json\/wp\/v2\/types\/page"}],"author":[{"embeddable":true,"href":"https:\/\/bet1x2.com\/ee\/wp-json\/wp\/v2\/users\/1"}],"replies":[{"embeddable":true,"href":"https:\/\/bet1x2.com\/ee\/wp-json\/wp\/v2\/comments?post=2"}],"version-history":[{"count":3,"href":"https:\/\/bet1x2.com\/ee\/wp-json\/wp\/v2\/pages\/2\/revisions"}],"predecessor-version":[{"id":344,"href":"https:\/\/bet1x2.com\/ee\/wp-json\/wp\/v2\/pages\/2\/revisions\/344"}],"wp:attachment":[{"href":"https:\/\/bet1x2.com\/ee\/wp-json\/wp\/v2\/media?parent=2"}],"curies":[{"name":"wp","href":"https:\/\/api.w.org\/{rel}","templated":true}]}}