{"id":121,"date":"2025-02-03T19:36:06","date_gmt":"2025-02-03T18:36:06","guid":{"rendered":"https:\/\/bet1x2.com\/pl\/?page_id=121"},"modified":"2025-03-06T09:43:55","modified_gmt":"2025-03-06T08:43:55","slug":"informacje","status":"publish","type":"page","link":"https:\/\/bet1x2.com\/pl\/informacje\/","title":{"rendered":"Informacje"},"content":{"rendered":"\n<h2 class=\"wp-block-heading\">Co musisz wiedzie\u0107 o polskim rynku kasyn online?<\/h2>\n\n\n\n<p>Polski rynek kasyn online rozwija si\u0119 bardzo dynamicznie.<\/p>\n\n\n\n<p>Wystarczy sprawdzi\u0107 zestawienie najlepszych kasyn online na stronie g\u0142\u00f3wnej bet1x2, aby szybko zauwa\u017cy\u0107, jak wiele mo\u017cliwo\u015bci maj\u0105 dzi\u015b gracze.<\/p>\n\n\n\n<p>Oferta stale ro\u015bnie, jednak od 2017 roku obowi\u0105zuj\u0105 w Polsce restrykcyjne przepisy dotycz\u0105ce hazardu online, kt\u00f3re znacz\u0105co wp\u0142yn\u0119\u0142y na kasyna oraz samych graczy.<\/p>\n\n\n\n<p>Aby zapewni\u0107 Ci najlepsze do\u015bwiadczenia, eksperci bet1x2 od lat tworz\u0105 artyku\u0142y zawieraj\u0105ce praktyczne informacje, kt\u00f3re pomog\u0105 Ci lepiej pozna\u0107 polskie kasyno online.<\/p>\n\n\n\n<h2 class=\"wp-block-heading\">Bet1x2 regularnie aktualizuje informacje dotycz\u0105ce rynku gier online!<\/h2>\n\n\n\n<p>Znajdziesz tu zar\u00f3wno wskaz\u00f3wki, kt\u00f3re kasyno internetowe oferuje najlepsze bonusy lub najciekawsze kasyno online automaty, jak i szczeg\u00f3\u0142owe analizy bran\u017cy iGaming.<\/p>\n\n\n\n<p>Naszym celem jest dostarczenie istotnych i praktycznych informacji, kt\u00f3re pomog\u0105 Ci zrozumie\u0107 rynek gier oraz wybra\u0107 odpowiednie kasyno na prawdziwe pieni\u0105dze.<\/p>\n\n\n\n<p>Regularnie aktualizujemy wszystkie artyku\u0142y, dzi\u0119ki czemu masz pewno\u015b\u0107, \u017ce przedstawione fakty s\u0105 dok\u0142adne, a informacje aktualne.<\/p>\n\n\n\n<h2 class=\"wp-block-heading\">Nasze artyku\u0142y odpowiadaj\u0105 na Twoje pytania<\/h2>\n\n\n\n<p>Poni\u017cej znajdziesz linki do wszystkich naszych artyku\u0142\u00f3w i przewodnik\u00f3w, w kt\u00f3rych zamie\u015bcili\u015bmy odpowiedzi m.in. na nast\u0119puj\u0105ce pytania.<\/p>\n\n\n\n<h3 class=\"wp-block-heading\">Czy istnieje polska licencja hazardowa?<\/h3>\n\n\n\n<p>Tak, w Polsce obowi\u0105zuje licencja hazardowa wydawana przez Ministerstwo Finans\u00f3w.<\/p>\n\n\n\n<p>Jednak ze wzgl\u0119du na restrykcyjn\u0105 ustaw\u0119 hazardow\u0105, na polskim rynku dzia\u0142a tylko jedno legalne kasyno online \u2013 Total Casino, nale\u017c\u0105ce do sp\u00f3\u0142ki pa\u0144stwowej.<\/p>\n\n\n\n<h3 class=\"wp-block-heading\">Co polskie prawo m\u00f3wi o grach hazardowych online?<\/h3>\n\n\n\n<p>Ustawa hazardowa z 2017 roku zabrania graczom mieszkaj\u0105cym w Polsce korzystania z zagranicznych platform hazardowych online, a jedynym legalnym kasynem jest wspomniane Total Casino.<\/p>\n\n\n\n<p>Na szcz\u0119\u015bcie przepisy Unii Europejskiej stoj\u0105 w opozycji do polskiego prawa, umo\u017cliwiaj\u0105c Polakom korzystanie z zagranicznych kasyn online.<\/p>\n\n\n\n<p>Mimo to bardzo wa\u017cne jest, aby rozwa\u017cnie wybiera\u0107 kasyno internetowe, w kt\u00f3rym chcesz si\u0119 zarejestrowa\u0107 i wp\u0142aci\u0107 \u015brodki.<\/p>\n\n\n\n<p>Dlatego radzimy zwraca\u0107 szczeg\u00f3ln\u0105 uwag\u0119 na licencje hazardowe, jakie posiadaj\u0105 interesuj\u0105ce Ci\u0119 kasyna.<\/p>\n\n\n\n<p>Do najbardziej cenionych nale\u017c\u0105 m.in.: <a href=\"https:\/\/www.mga.org.mt\/\">Malta Gaming Authority (MGA)<\/a>, <a href=\"https:\/\/www.gamblingcommission.gov.uk\/\">UK Gambling Commission (UKGC)<\/a> oraz <a href=\"https:\/\/www.curacao-egaming.com\/\">Cura\u00e7ao Gaming Licence<\/a>.<\/p>\n\n\n\n<p>Wybieraj\u0105c kasyno online Polska z naszego zestawienia, masz gwarancj\u0119 bezpiecze\u0144stwa, poniewa\u017c wszystkie recenzowane przez nas platformy posiadaj\u0105 odpowiednie licencje, s\u0105 wiarygodne i bezpieczne.<\/p>\n\n\n\n<h3 class=\"wp-block-heading\">Co oferuje Total Casino?<\/h3>\n\n\n\n<p>Total Casino posiada monopol na prowadzenie dzia\u0142alno\u015bci hazardowej w Polsce, oferuj\u0105c Polakom w pe\u0142ni legalne kasyno online.<\/p>\n\n\n\n<p>W ich ofercie znajdziesz przyzwoity wyb\u00f3r gier kasynowych, w tym liczne kasyno online automaty, bonus bez depozytu na start oraz mo\u017cliwo\u015b\u0107 darmowej gry demo.<\/p>\n\n\n\n<p>Czy jednak oferta Total Casino mo\u017ce konkurowa\u0107 z zagranicznymi kasynami?<\/p>\n\n\n\n<p>Wi\u0119cej szczeg\u00f3\u0142\u00f3w znajdziesz w naszej szczeg\u00f3\u0142owej recenzji Total Casino.<\/p>\n\n\n\n<h3 class=\"wp-block-heading\">Jakie dokumenty s\u0105 wymagane do otwarcia konta w kasynie online?<\/h3>\n\n\n\n<p>Polskie kasyna online standardowo wymagaj\u0105 dokumentu to\u017csamo\u015bci podczas rejestracji nowego konta u\u017cytkownika.<\/p>\n\n\n\n<p><strong>Akceptowane dokumenty to\u017csamo\u015bci to:<\/strong><\/p>\n\n\n\n<ul class=\"wp-block-list\">\n<li>Paszport<\/li>\n\n\n\n<li>Dow\u00f3d osobisty<\/li>\n\n\n\n<li>Prawo jazdy<\/li>\n<\/ul>\n\n\n\n<p>Procedura ta (KYC) stanowi cz\u0119\u015b\u0107 szerszego procesu przetwarzania danych u\u017cytkownika.<\/p>\n\n\n\n<h3 class=\"wp-block-heading\">Jak gra\u0107 odpowiedzialnie?<\/h3>\n\n\n\n<p>Wszystkie legalne kasyna online maj\u0105 obowi\u0105zek promowania odpowiedzialnego hazardu.<\/p>\n\n\n\n<p>Operatorzy musz\u0105 zapewni\u0107 odpowiednie narz\u0119dzia bezpiecze\u0144stwa, takie jak samowykluczenie z gry, kt\u00f3re pomagaj\u0105 ograniczy\u0107 ryzyko uzale\u017cnienia od hazardu.<\/p>\n\n\n\n<p>Ponadto nasz przewodnik po odpowiedzialnym hazardzie zawiera wiele przydatnych wskaz\u00f3wek, jak unikn\u0105\u0107 problem\u00f3w z gr\u0105 oraz do jakich organizacji zwr\u00f3ci\u0107 si\u0119 po pomoc.<\/p>\n","protected":false},"excerpt":{"rendered":"<p>Co musisz wiedzie\u0107 o polskim rynku kasyn online? Polski rynek kasyn online rozwija si\u0119 bardzo dynamicznie. Wystarczy sprawdzi\u0107 zestawienie najlepszych kasyn online na stronie g\u0142\u00f3wnej bet1x2, aby szybko zauwa\u017cy\u0107, jak wiele mo\u017cliwo\u015bci maj\u0105 dzi\u015b gracze. Oferta stale ro\u015bnie, jednak od 2017 roku obowi\u0105zuj\u0105 w Polsce restrykcyjne przepisy dotycz\u0105ce hazardu online, kt\u00f3re znacz\u0105co wp\u0142yn\u0119\u0142y na kasyna &#8230; <a title=\"Informacje\" class=\"read-more\" href=\"https:\/\/bet1x2.com\/pl\/informacje\/\" aria-label=\"Dowiedz si\u0119 wi\u0119cej o Informacje\">Czytaj dalej<\/a><\/p>\n","protected":false},"author":1,"featured_media":0,"parent":0,"menu_order":0,"comment_status":"closed","ping_status":"closed","template":"","meta":{"footnotes":""},"class_list":["post-121","page","type-page","status-publish"],"yoast_head":"<!-- This site is optimized with the Yoast SEO Premium plugin v24.8 (Yoast SEO v27.2) - https:\/\/yoast.com\/product\/yoast-seo-premium-wordpress\/ -->\n<title>Polski rynek gier online 2025 \u2013 sprawd\u017a najwa\u017cniejsze informacje!<\/title>\n<meta name=\"description\" content=\"Poznaj kluczowe informacje o polskim rynku gier online. Sprawd\u017a, jak dzia\u0142a prawo hazardowe w Polsce i dlaczego iGaming jest tak popularny.\" \/>\n<meta name=\"robots\" content=\"index, follow, max-snippet:-1, max-image-preview:large, max-video-preview:-1\" \/>\n<link rel=\"canonical\" href=\"https:\/\/bet1x2.com\/pl\/informacje\/\" \/>\n<meta property=\"og:locale\" content=\"pl_PL\" \/>\n<meta property=\"og:type\" content=\"article\" \/>\n<meta property=\"og:title\" content=\"Informacje\" \/>\n<meta property=\"og:description\" content=\"Poznaj kluczowe informacje o polskim rynku gier online. Sprawd\u017a, jak dzia\u0142a prawo hazardowe w Polsce i dlaczego iGaming jest tak popularny.\" \/>\n<meta property=\"og:url\" content=\"https:\/\/bet1x2.com\/pl\/informacje\/\" \/>\n<meta property=\"og:site_name\" content=\"Bet1x2\" \/>\n<meta property=\"article:modified_time\" content=\"2025-03-06T08:43:55+00:00\" \/>\n<meta name=\"twitter:card\" content=\"summary_large_image\" \/>\n<meta name=\"twitter:label1\" content=\"Szacowany czas czytania\" \/>\n\t<meta name=\"twitter:data1\" content=\"3 minuty\" \/>\n<script type=\"application\/ld+json\" class=\"yoast-schema-graph\">{\"@context\":\"https:\/\/schema.org\",\"@graph\":[{\"@type\":\"WebPage\",\"@id\":\"https:\/\/bet1x2.com\/pl\/informacje\/\",\"url\":\"https:\/\/bet1x2.com\/pl\/informacje\/\",\"name\":\"Polski rynek gier online 2025 \u2013 sprawd\u017a najwa\u017cniejsze informacje!\",\"isPartOf\":{\"@id\":\"https:\/\/bet1x2.com\/pl\/#website\"},\"datePublished\":\"2025-02-03T18:36:06+00:00\",\"dateModified\":\"2025-03-06T08:43:55+00:00\",\"description\":\"Poznaj kluczowe informacje o polskim rynku gier online. Sprawd\u017a, jak dzia\u0142a prawo hazardowe w Polsce i dlaczego iGaming jest tak popularny.\",\"breadcrumb\":{\"@id\":\"https:\/\/bet1x2.com\/pl\/informacje\/#breadcrumb\"},\"inLanguage\":\"pl-PL\",\"potentialAction\":[{\"@type\":\"ReadAction\",\"target\":[\"https:\/\/bet1x2.com\/pl\/informacje\/\"]}]},{\"@type\":\"BreadcrumbList\",\"@id\":\"https:\/\/bet1x2.com\/pl\/informacje\/#breadcrumb\",\"itemListElement\":[{\"@type\":\"ListItem\",\"position\":1,\"name\":\"Home\",\"item\":\"https:\/\/bet1x2.com\/pl\/\"},{\"@type\":\"ListItem\",\"position\":2,\"name\":\"Informacje\"}]},{\"@type\":\"WebSite\",\"@id\":\"https:\/\/bet1x2.com\/pl\/#website\",\"url\":\"https:\/\/bet1x2.com\/pl\/\",\"name\":\"Bet1x2\",\"description\":\"Bonusy i promocje kasyn online w Polsce\",\"publisher\":{\"@id\":\"https:\/\/bet1x2.com\/pl\/#organization\"},\"potentialAction\":[{\"@type\":\"SearchAction\",\"target\":{\"@type\":\"EntryPoint\",\"urlTemplate\":\"https:\/\/bet1x2.com\/pl\/?s={search_term_string}\"},\"query-input\":{\"@type\":\"PropertyValueSpecification\",\"valueRequired\":true,\"valueName\":\"search_term_string\"}}],\"inLanguage\":\"pl-PL\"},{\"@type\":\"Organization\",\"@id\":\"https:\/\/bet1x2.com\/pl\/#organization\",\"name\":\"Bet1x2\",\"url\":\"https:\/\/bet1x2.com\/pl\/\",\"logo\":{\"@type\":\"ImageObject\",\"inLanguage\":\"pl-PL\",\"@id\":\"https:\/\/bet1x2.com\/pl\/#\/schema\/logo\/image\/\",\"url\":\"https:\/\/bet1x2.com\/pl\/wp-content\/uploads\/sites\/3\/2025\/02\/pl.svg\",\"contentUrl\":\"https:\/\/bet1x2.com\/pl\/wp-content\/uploads\/sites\/3\/2025\/02\/pl.svg\",\"caption\":\"Bet1x2\"},\"image\":{\"@id\":\"https:\/\/bet1x2.com\/pl\/#\/schema\/logo\/image\/\"}}]}<\/script>\n<!-- \/ Yoast SEO Premium plugin. -->","yoast_head_json":{"title":"Polski rynek gier online 2025 \u2013 sprawd\u017a najwa\u017cniejsze informacje!","description":"Poznaj kluczowe informacje o polskim rynku gier online. Sprawd\u017a, jak dzia\u0142a prawo hazardowe w Polsce i dlaczego iGaming jest tak popularny.","robots":{"index":"index","follow":"follow","max-snippet":"max-snippet:-1","max-image-preview":"max-image-preview:large","max-video-preview":"max-video-preview:-1"},"canonical":"https:\/\/bet1x2.com\/pl\/informacje\/","og_locale":"pl_PL","og_type":"article","og_title":"Informacje","og_description":"Poznaj kluczowe informacje o polskim rynku gier online. Sprawd\u017a, jak dzia\u0142a prawo hazardowe w Polsce i dlaczego iGaming jest tak popularny.","og_url":"https:\/\/bet1x2.com\/pl\/informacje\/","og_site_name":"Bet1x2","article_modified_time":"2025-03-06T08:43:55+00:00","twitter_card":"summary_large_image","twitter_misc":{"Szacowany czas czytania":"3 minuty"},"schema":{"@context":"https:\/\/schema.org","@graph":[{"@type":"WebPage","@id":"https:\/\/bet1x2.com\/pl\/informacje\/","url":"https:\/\/bet1x2.com\/pl\/informacje\/","name":"Polski rynek gier online 2025 \u2013 sprawd\u017a najwa\u017cniejsze informacje!","isPartOf":{"@id":"https:\/\/bet1x2.com\/pl\/#website"},"datePublished":"2025-02-03T18:36:06+00:00","dateModified":"2025-03-06T08:43:55+00:00","description":"Poznaj kluczowe informacje o polskim rynku gier online. Sprawd\u017a, jak dzia\u0142a prawo hazardowe w Polsce i dlaczego iGaming jest tak popularny.","breadcrumb":{"@id":"https:\/\/bet1x2.com\/pl\/informacje\/#breadcrumb"},"inLanguage":"pl-PL","potentialAction":[{"@type":"ReadAction","target":["https:\/\/bet1x2.com\/pl\/informacje\/"]}]},{"@type":"BreadcrumbList","@id":"https:\/\/bet1x2.com\/pl\/informacje\/#breadcrumb","itemListElement":[{"@type":"ListItem","position":1,"name":"Home","item":"https:\/\/bet1x2.com\/pl\/"},{"@type":"ListItem","position":2,"name":"Informacje"}]},{"@type":"WebSite","@id":"https:\/\/bet1x2.com\/pl\/#website","url":"https:\/\/bet1x2.com\/pl\/","name":"Bet1x2","description":"Bonusy i promocje kasyn online w Polsce","publisher":{"@id":"https:\/\/bet1x2.com\/pl\/#organization"},"potentialAction":[{"@type":"SearchAction","target":{"@type":"EntryPoint","urlTemplate":"https:\/\/bet1x2.com\/pl\/?s={search_term_string}"},"query-input":{"@type":"PropertyValueSpecification","valueRequired":true,"valueName":"search_term_string"}}],"inLanguage":"pl-PL"},{"@type":"Organization","@id":"https:\/\/bet1x2.com\/pl\/#organization","name":"Bet1x2","url":"https:\/\/bet1x2.com\/pl\/","logo":{"@type":"ImageObject","inLanguage":"pl-PL","@id":"https:\/\/bet1x2.com\/pl\/#\/schema\/logo\/image\/","url":"https:\/\/bet1x2.com\/pl\/wp-content\/uploads\/sites\/3\/2025\/02\/pl.svg","contentUrl":"https:\/\/bet1x2.com\/pl\/wp-content\/uploads\/sites\/3\/2025\/02\/pl.svg","caption":"Bet1x2"},"image":{"@id":"https:\/\/bet1x2.com\/pl\/#\/schema\/logo\/image\/"}}]}},"_links":{"self":[{"href":"https:\/\/bet1x2.com\/pl\/wp-json\/wp\/v2\/pages\/121","targetHints":{"allow":["GET"]}}],"collection":[{"href":"https:\/\/bet1x2.com\/pl\/wp-json\/wp\/v2\/pages"}],"about":[{"href":"https:\/\/bet1x2.com\/pl\/wp-json\/wp\/v2\/types\/page"}],"author":[{"embeddable":true,"href":"https:\/\/bet1x2.com\/pl\/wp-json\/wp\/v2\/users\/1"}],"replies":[{"embeddable":true,"href":"https:\/\/bet1x2.com\/pl\/wp-json\/wp\/v2\/comments?post=121"}],"version-history":[{"count":10,"href":"https:\/\/bet1x2.com\/pl\/wp-json\/wp\/v2\/pages\/121\/revisions"}],"predecessor-version":[{"id":3952,"href":"https:\/\/bet1x2.com\/pl\/wp-json\/wp\/v2\/pages\/121\/revisions\/3952"}],"wp:attachment":[{"href":"https:\/\/bet1x2.com\/pl\/wp-json\/wp\/v2\/media?parent=121"}],"curies":[{"name":"wp","href":"https:\/\/api.w.org\/{rel}","templated":true}]}}