{"id":1260,"date":"2025-02-07T08:32:31","date_gmt":"2025-02-07T07:32:31","guid":{"rendered":"https:\/\/bet1x2.com\/pl\/?page_id=1260"},"modified":"2025-03-05T19:11:28","modified_gmt":"2025-03-05T18:11:28","slug":"spiny-bez-depozytu","status":"publish","type":"page","link":"https:\/\/bet1x2.com\/pl\/darmowe-spiny\/spiny-bez-depozytu\/","title":{"rendered":"Spiny bez Depozytu"},"content":{"rendered":"\n<h2 class=\"wp-block-heading\">Najlepsze darmowe spiny bez depozytu za rejestracj\u0119 w kasynie online Polska 2025<\/h2>\n\n\n\n<p>Wiemy, jak bardzo lubisz darmowe spiny, dlatego eksperci Bet1x2.com przygotowali artyku\u0142 prezentuj\u0105cy najlepsze oferty darmowych spin\u00f3w bez depozytu dla graczy z Polski.<\/p>\n\n\n\n<p>Sprawd\u017a poni\u017csz\u0105 tabel\u0119 zawieraj\u0105c\u0105 recenzje kasyn online, kt\u00f3re oferuj\u0105 w\u0142a\u015bnie ten rodzaj bonusu bez depozytu.<\/p>\n\n\n\n<h2 class=\"wp-block-heading\">Darmowe spiny bez depozytu 2025: zachowaj swoje wygrane!<\/h2>\n\n\n\n<p>Wi\u0119kszo\u015b\u0107 witryn kasynowych w Polsce zdaje sobie spraw\u0119, jak trudno jest znale\u017a\u0107 godne zaufania kasyno online, w kt\u00f3rym warto zainwestowa\u0107 czas i pieni\u0105dze.<\/p>\n\n\n\n<p>Dlatego cieszymy si\u0119, \u017ce istniej\u0105 platformy oferuj\u0105ce hojne bonusy bez depozytu, kt\u00f3re mo\u017cna odebra\u0107 zaraz po rejestracji konta.<\/p>\n\n\n\n<h3 class=\"wp-block-heading\">Czym s\u0105 darmowe spiny bez depozytu w kasynie internetowym?<\/h3>\n\n\n\n<p>Darmowe spiny bez depozytu to bonusy powitalne, kt\u00f3re nie wymagaj\u0105 wcze\u015bniejszego wp\u0142acania \u015brodk\u00f3w.<\/p>\n\n\n\n<p>Aby je otrzyma\u0107, wystarczy za\u0142o\u017cy\u0107 nowe konto w dowolnym kasynie online z naszej listy.<\/p>\n\n\n\n<p>W zamian dostaniesz darmowe spiny na kasyno online automaty oraz mo\u017cliwo\u015b\u0107 wygrania prawdziwych pieni\u0119dzy, je\u015bli spe\u0142nisz okre\u015blone warunki.<\/p>\n\n\n\n<h3 class=\"wp-block-heading\">Dlaczego kasyna online oferuj\u0105 darmowe spiny bez depozytu?<\/h3>\n\n\n\n<p>Kasyna internetowe oferuj\u0105 darmowe spiny z r\u00f3\u017cnych powod\u00f3w, jednak najwa\u017cniejszym jest budowanie relacji z graczami.<\/p>\n\n\n\n<p>Jedynym minusem takich ofert jest fakt, \u017ce niekt\u00f3re maj\u0105 ograniczon\u0105 maksymaln\u0105 kwot\u0119 wyp\u0142aty lub wysokie wymagania obrotu.<\/p>\n\n\n\n<p>Mimo to istnieje wiele powod\u00f3w, dla kt\u00f3rych warto skorzysta\u0107 z darmowych spin\u00f3w bez depozytu, oto najwa\u017cniejsze z nich:<\/p>\n\n\n\n<ul class=\"wp-block-list\">\n<li>Mo\u017cesz wypr\u00f3bowa\u0107 nowe sloty za darmo \u2013 To \u015bwietna okazja, aby przetestowa\u0107 nowe gry kasynowe bez konieczno\u015bci wp\u0142aty w\u0142asnych \u015brodk\u00f3w;<\/li>\n\n\n\n<li>To najlepszy spos\u00f3b na gr\u0119 w kasyno online automaty \u2013 wiele platform wybiera najlepsze sloty, \u0142\u0105cz\u0105c je z ofertami darmowych spin\u00f3w i kodami promocyjnymi;<\/li>\n\n\n\n<li>Mo\u017cesz wygra\u0107 prawdziwe pieni\u0105dze bez ryzyka \u2013 To zdecydowanie najbardziej przekonuj\u0105cy argument. Bez ryzyka masz szans\u0119 zdoby\u0107 prawdziwe \u015brodki. Przy odrobinie szcz\u0119\u015bcia mo\u017cesz zwi\u0119kszy\u0107 saldo bez obaw o utrat\u0119 w\u0142asnych pieni\u0119dzy;<\/li>\n\n\n\n<li>To \u015bwietny spos\u00f3b na dobr\u0105 zabaw\u0119 i poznawanie nowych gier online \u2013 Wszystko sprowadza si\u0119 do rozrywki. Je\u015bli dodatkowo otrzymasz darmowe spiny przy wp\u0142acie, Tw\u00f3j bankroll wystarczy na d\u0142u\u017cej.<\/li>\n<\/ul>\n\n\n\n<h2 class=\"wp-block-heading\">Por\u00f3wnaj i znajd\u017a najlepsze darmowe spiny bez depozytu w kasyno online Polska<\/h2>\n\n\n\n<p>Chocia\u017c nasza recenzja zebra\u0142a najlepsze darmowe spiny bez depozytu dost\u0119pne na polskim rynku, niekt\u00f3re oferty s\u0105 bardziej korzystne ni\u017c inne.<\/p>\n\n\n\n<p>Aby dowiedzie\u0107 si\u0119, kt\u00f3re bonusy s\u0105 najlepsze, warto por\u00f3wna\u0107 warunki ka\u017cdej promocji.<\/p>\n\n\n\n<p>Oto, co powiniene\u015b wzi\u0105\u0107 pod uwag\u0119 przed odebraniem bonusu:<\/p>\n\n\n\n<p><strong>Wym\u00f3g obrotu<\/strong><\/p>\n\n\n\n<p>Im ni\u017csze wymagania obrotu dla bonusu bez depozytu, tym lepiej. Dzi\u0119ki temu gracze z Polski mog\u0105 zwi\u0119kszy\u0107 swoje szanse na mniejsze wydatki i wi\u0119ksze zyski podczas gry w kasyno internetowe.<\/p>\n\n\n\n<p><strong>Sprawd\u017a, czy sloty obj\u0119te promocj\u0105 maj\u0105 wysok\u0105 zmienno\u015b\u0107<\/strong><\/p>\n\n\n\n<p>Pami\u0119taj, \u017ce kasyno online automaty o wysokiej zmienno\u015bci oferuj\u0105 wi\u0119ksze wygrane. Oznacza to, \u017ce masz wi\u0119ksz\u0105 szans\u0119 na uzyskanie wy\u017cszych nagr\u00f3d w wybranych grach kasynowych.<\/p>\n\n\n\n<p><strong>Mo\u017cliwa maksymalna wyp\u0142ata<\/strong><\/p>\n\n\n\n<p>Kolejn\u0105 istotn\u0105 kwesti\u0105 jest maksymalna kwota, jak\u0105 mo\u017cesz wyp\u0142aci\u0107 z wygranych. Wi\u0119kszo\u015b\u0107 polskich kasyn online ogranicza wyp\u0142aty z darmowych spin\u00f3w do oko\u0142o 400 PLN. Nawet je\u015bli wygrasz wi\u0119cej, nie b\u0119dziesz m\u00f3g\u0142 wyp\u0142aci\u0107 kwoty przekraczaj\u0105cej ustalony limit.<\/p>\n\n\n\n<p><strong>Limity czasowe<\/strong><\/p>\n\n\n\n<p>To bardzo wa\u017cna zasada. Wi\u0119kszo\u015b\u0107 bonus\u00f3w darmowych spin\u00f3w bez depozytu jest dost\u0119pna tylko przez okre\u015blony czas, zwykle oko\u0142o 7 dni.<\/p>\n\n\n\n<p>Po up\u0142ywie tego okresu bonus wygasa, a wszystkie niewykorzystane wygrane zostaj\u0105 utracone.<\/p>\n\n\n\n<p><strong>Niekt\u00f3re metody p\u0142atno\u015bci mog\u0105 si\u0119 nie kwalifikowa\u0107<\/strong><\/p>\n\n\n\n<p>Najpopularniejsze metody p\u0142atno\u015bci w kasynach online Polska to e-portfele oraz PaysafeCard. Warto jednak pami\u0119ta\u0107, \u017ce niekt\u00f3re opcje mog\u0105 nie kwalifikowa\u0107 si\u0119 do bonus\u00f3w.<\/p>\n\n\n\n<p>Na przyk\u0142ad kasyna online korzystaj\u0105ce ze Skrill lub Neteller cz\u0119sto wykluczaj\u0105 te metody p\u0142atno\u015bci z ofert bonusowych, co zwykle jest jasno opisane w regulaminie.<\/p>\n\n\n\n<h2 class=\"wp-block-heading\">Najcz\u0119\u015bciej spotykane darmowe spiny bez depozytu w kasyno online Polska<\/h2>\n\n\n\n<p>Zastanawiasz si\u0119, jakie rodzaje darmowych spin\u00f3w bez depozytu mo\u017cesz znale\u017a\u0107 jako gracz kasyn internetowych?<\/p>\n\n\n\n<p>Oto kr\u00f3tkie om\u00f3wienie najpopularniejszych ofert darmowych spin\u00f3w od operator\u00f3w:<\/p>\n\n\n\n<h3 class=\"wp-block-heading\">Darmowe spiny bez depozytu na dobry pocz\u0105tek<\/h3>\n\n\n\n<p>Niekt\u00f3re kasyna online wymagaj\u0105 jedynie rejestracji konta, aby przyzna\u0107 darmowe spiny. Dzi\u0119ki temu nie musisz martwi\u0107 si\u0119 o konieczno\u015b\u0107 dokonania wp\u0142aty.<\/p>\n\n\n\n<h4 class=\"wp-block-heading\">Darmowe spiny bez depozytu za rejestracj\u0119 2025<\/h4>\n\n\n\n<p>Jak ju\u017c wspomnieli\u015bmy, niekt\u00f3re polskie kasyna online oferuj\u0105 graczom bonus bez depozytu, kt\u00f3ry mo\u017cna odebra\u0107 zaraz po za\u0142o\u017ceniu konta, bez konieczno\u015bci wcze\u015bniejszego wp\u0142acania \u015brodk\u00f3w.<\/p>\n\n\n\n<h4 class=\"wp-block-heading\">Darmowe spiny za dodanie karty Polska 2025<\/h4>\n\n\n\n<p>Mniej popularnym rodzajem bonusu bez depozytu s\u0105 darmowe spiny przyznawane polskim graczom za dodanie karty p\u0142atniczej do konta w kasynie internetowym.<\/p>\n\n\n\n<p>Mimo \u017ce jest to rzadsza oferta, warto wiedzie\u0107, \u017ce mo\u017cesz si\u0119 z ni\u0105 spotka\u0107 w niekt\u00f3rych kasynach online.<\/p>\n\n\n\n<h3 class=\"wp-block-heading\">Inne rodzaje ofert darmowych spin\u00f3w bez depozytu<\/h3>\n\n\n\n<p>Podstawowe oferty darmowych spin\u00f3w bez depozytu mo\u017cna podzieli\u0107 na kilka kategorii, poni\u017cej przedstawiamy dwa przyk\u0142ady.<\/p>\n\n\n\n<h4 class=\"wp-block-heading\">Darmowe spiny bez depozytu bez wymogu obrotu<\/h4>\n\n\n\n<p>Promocje darmowych spin\u00f3w bez depozytu bez wymogu obrotu s\u0105 niezwykle rzadkie na polskim rynku kasyn online, dlatego obecnie nie mamy przyk\u0142adu platformy oferuj\u0105cej taki bonus.<\/p>\n\n\n\n<p>Na szcz\u0119\u015bcie mo\u017cemy znale\u017a\u0107 kasyna online z niskim wymogiem obrotu, kt\u00f3re s\u0105 znacznie cz\u0119\u015bciej spotykane.<\/p>\n\n\n\n<p>Idealnym przyk\u0142adem kasyna internetowego oferuj\u0105cego darmowe spiny bez depozytu z minimalnym wymogiem obrotu jest Verde Casino, gdzie warunek obrotu wygranymi wynosi jedynie x3.<\/p>\n\n\n\n<h4 class=\"wp-block-heading\">Darmowe spiny bez depozytu dla aktualnych graczy<\/h4>\n\n\n\n<p>Lemon Casino oferuje obecnie promocj\u0119 dla zarejestrowanych u\u017cytkownik\u00f3w, kt\u00f3rzy mog\u0105 jednorazowo odebra\u0107 50 darmowych spin\u00f3w na slot Book of Dead.<\/p>\n\n\n\n<p>Aby aktywowa\u0107 ten kasyno bonus, wystarczy wpisa\u0107 kod promocyjny \u201eLEMONCASINO\u201d w zak\u0142adce Profil, a darmowe spiny zostan\u0105 automatycznie dodane do konta.<\/p>\n\n\n\n<p>Warto pami\u0119ta\u0107, \u017ce darmowe spiny s\u0105 wa\u017cne tylko przez 3 dni od momentu aktywacji.<\/p>\n\n\n\n<h2 class=\"wp-block-heading\">Jak mog\u0119 otrzyma\u0107 darmowe spiny bez depozytu w kasyno online Polska?<\/h2>\n\n\n\n<p>Odebranie bonusu darmowych spin\u00f3w bez depozytu jest niezwykle proste!<\/p>\n\n\n\n<p>Wystarczy, \u017ce zastosujesz si\u0119 do naszego przewodnika krok po kroku, a ju\u017c za chwil\u0119 b\u0119dziesz m\u00f3g\u0142 cieszy\u0107 si\u0119 darmowymi spinami bez ryzyka:<\/p>\n\n\n\n<ol class=\"wp-block-list\">\n<li>Znajd\u017a kasyno online na naszej li\u015bcie, kt\u00f3re oferuje darmowe spiny bez depozytu \u2013 Wybierz polskie kasyno online, w kt\u00f3rym chcesz odebra\u0107 bonus;<\/li>\n\n\n\n<li>Przeczytaj nasz\u0105 recenzj\u0119 wybranego kasyna \u2013 Kliknij nazw\u0119 kasyna na li\u015bcie, aby przej\u015b\u0107 do szczeg\u00f3\u0142owej kasyno recenzji. Znajdziesz tam wszystkie informacje o platformie oraz oferowanym bonusie;<\/li>\n\n\n\n<li>Je\u015bli wszystko Ci odpowiada, kliknij \u201eDo kasyna\u201d, aby zosta\u0107 przekierowanym na stron\u0119 wybranego kasyna internetowego;<\/li>\n\n\n\n<li>Zarejestruj swoje dane \u2013 Po przej\u015bciu na stron\u0119 kasyna otrzymasz formularz rejestracyjny. Wype\u0142nij go, podaj\u0105c prawdziwe dane osobowe (w przeciwnym razie mo\u017cesz mie\u0107 trudno\u015bci z wyp\u0142at\u0105 wygranych);<\/li>\n\n\n\n<li>U\u017cyj kodu promocyjnego, je\u015bli jest wymagany \u2013 Nie wszystkie bonusy darmowych spin\u00f3w bez depozytu wymagaj\u0105 kodu, ale je\u015bli wybrana oferta go posiada, wpisz kod promocyjny podczas rejestracji lub w sekcji \u201eCashier\u201d po za\u0142o\u017ceniu konta;<\/li>\n\n\n\n<li>Znajd\u017a kwalifikuj\u0105cy si\u0119 slot \u2013 Twoje darmowe spiny bez depozytu powinny by\u0107 ju\u017c aktywne. U\u017cyj wyszukiwarki, aby znale\u017a\u0107 odpowiednie kasyno online automaty i rozpocznij gr\u0119!<\/li>\n<\/ol>\n\n\n\n<h2 class=\"wp-block-heading\">Popularne kasyno online automaty z bonusem darmowych spin\u00f3w bez depozytu<\/h2>\n\n\n\n<p>W wielu przypadkach darmowe spiny oferowane przez kasyna internetowe s\u0105 przypisane do konkretnych slot\u00f3w.<\/p>\n\n\n\n<p>Poni\u017cej znajdziesz kilka przyk\u0142ad\u00f3w automat\u00f3w online, kt\u00f3re cz\u0119sto pojawiaj\u0105 si\u0119 w promocjach darmowych spin\u00f3w bez depozytu.<\/p>\n\n\n\n<h3 class=\"wp-block-heading\">Starburst \u2013 99.1% RTP<\/h3>\n\n\n\n<p>Starburst od producenta NetEnt to bez w\u0105tpienia jeden z najbardziej znanych slot\u00f3w w bran\u017cy kasynowej.<\/p>\n\n\n\n<p>Dzi\u0119ki wyj\u0105tkowo wysokiemu RTP wynosz\u0105cemu a\u017c 99,1% oraz maksymalnej wygranej si\u0119gaj\u0105cej imponuj\u0105cej warto\u015bci 60 000-krotno\u015bci zak\u0142adu, \u0142atwo zrozumie\u0107, dlaczego ten automat jest ulubie\u0144cem wielu graczy kasyno online Polska.<\/p>\n\n\n\n<h3 class=\"wp-block-heading\">Book of Dead \u2013 96.2% RTP<\/h3>\n\n\n\n<p>Book of Dead to kolejny \u015bwietny przyk\u0142ad automatu online cz\u0119sto powi\u0105zanego z bonusami bez depozytu w popularnych polskich kasynach online.<\/p>\n\n\n\n<p>Dzi\u0119ki wysokiemu RTP na poziomie 96,2% oraz maksymalnej wygranej wynosz\u0105cej a\u017c 10 000-krotno\u015b\u0107 zak\u0142adu, Book of Dead zapewnia odpowiedni\u0105 dawk\u0119 emocji i atrakcyjnych nagr\u00f3d.<\/p>\n\n\n\n<p>Nic wi\u0119c dziwnego, \u017ce ten slot od Play\u2019N Go jest jednym z najcz\u0119\u015bciej wybieranych przez graczy w kasyno internetowe.<\/p>\n\n\n\n<h3 class=\"wp-block-heading\">Gonzo\u2019s Quest \u2013 96% RTP<\/h3>\n\n\n\n<p>Gonzo\u2019s Quest, cho\u0107 rzadziej pojawia si\u0119 w ofertach darmowych spin\u00f3w bez depozytu, czasami jest dost\u0119pny w ramach atrakcyjnych promocji, takich jak bonus powitalny czy bonus od depozytu.<\/p>\n\n\n\n<p>Ten automat oferuje imponuj\u0105c\u0105 maksymaln\u0105 wygran\u0105 wynosz\u0105c\u0105 a\u017c 375 000-krotno\u015b\u0107 zak\u0142adu, a jego RTP wynosi solidne 96%!<\/p>\n\n\n\n<h2 class=\"wp-block-heading\">Gdzie zdoby\u0107 wi\u0119cej darmowych spin\u00f3w w kasyno online Polska?<\/h2>\n\n\n\n<p>Masz teraz okazj\u0119 skorzysta\u0107 z darmowych spin\u00f3w bez depozytu w kasynie internetowym! Nie przegap tej szansy!<\/p>\n\n\n\n<p>Je\u015bli chcesz zdoby\u0107 jeszcze wi\u0119cej darmowych spin\u00f3w i rozpocz\u0105\u0107 \u015bwietn\u0105 zabaw\u0119 z dodatkowymi bonusami, koniecznie odwied\u017a nasz\u0105 stron\u0119 po\u015bwi\u0119con\u0105 darmowym spinom.<\/p>\n\n\n\n<p>To idealny spos\u00f3b, aby rozpocz\u0105\u0107 przygod\u0119 z ekscytuj\u0105cymi slotami od najlepszych producent\u00f3w gier kasynowych.<\/p>\n\n\n\n<p>Nowi gracze szczeg\u00f3lnie doceni\u0105 mo\u017cliwo\u015b\u0107 przetestowania gier dzi\u0119ki darmowym spinom na start, bez konieczno\u015bci dokonywania depozytu.<\/p>\n","protected":false},"excerpt":{"rendered":"<p>Najlepsze darmowe spiny bez depozytu za rejestracj\u0119 w kasynie online Polska 2025 Wiemy, jak bardzo lubisz darmowe spiny, dlatego eksperci Bet1x2.com przygotowali artyku\u0142 prezentuj\u0105cy najlepsze oferty darmowych spin\u00f3w bez depozytu dla graczy z Polski. Sprawd\u017a poni\u017csz\u0105 tabel\u0119 zawieraj\u0105c\u0105 recenzje kasyn online, kt\u00f3re oferuj\u0105 w\u0142a\u015bnie ten rodzaj bonusu bez depozytu. Darmowe spiny bez depozytu 2025: zachowaj &#8230; <a title=\"Spiny bez Depozytu\" class=\"read-more\" href=\"https:\/\/bet1x2.com\/pl\/darmowe-spiny\/spiny-bez-depozytu\/\" aria-label=\"Dowiedz si\u0119 wi\u0119cej o Spiny bez Depozytu\">Czytaj dalej<\/a><\/p>\n","protected":false},"author":1,"featured_media":0,"parent":47,"menu_order":0,"comment_status":"closed","ping_status":"closed","template":"","meta":{"footnotes":""},"class_list":["post-1260","page","type-page","status-publish"],"yoast_head":"<!-- This site is optimized with the Yoast SEO Premium plugin v24.8 (Yoast SEO v27.2) - https:\/\/yoast.com\/product\/yoast-seo-premium-wordpress\/ -->\n<title>Najlepsze Darmowe Spiny Bez Depozytu w Polsce \u2013 2025!<\/title>\n<meta name=\"description\" content=\"Odkryj najlepsze darmowe spiny bez depozytu za rejestracj\u0119 w Polsce! Zgarnij 20, 50 lub wi\u0119cej free spin\u00f3w i zacznij gra\u0107 ju\u017c dzi\u015b!\" \/>\n<meta name=\"robots\" content=\"index, follow, max-snippet:-1, max-image-preview:large, max-video-preview:-1\" \/>\n<link rel=\"canonical\" href=\"https:\/\/bet1x2.com\/pl\/darmowe-spiny\/spiny-bez-depozytu\/\" \/>\n<meta property=\"og:locale\" content=\"pl_PL\" \/>\n<meta property=\"og:type\" content=\"article\" \/>\n<meta property=\"og:title\" content=\"Spiny bez Depozytu\" \/>\n<meta property=\"og:description\" content=\"Odkryj najlepsze darmowe spiny bez depozytu za rejestracj\u0119 w Polsce! Zgarnij 20, 50 lub wi\u0119cej free spin\u00f3w i zacznij gra\u0107 ju\u017c dzi\u015b!\" \/>\n<meta property=\"og:url\" content=\"https:\/\/bet1x2.com\/pl\/darmowe-spiny\/spiny-bez-depozytu\/\" \/>\n<meta property=\"og:site_name\" content=\"Bet1x2\" \/>\n<meta property=\"article:modified_time\" content=\"2025-03-05T18:11:28+00:00\" \/>\n<meta name=\"twitter:card\" content=\"summary_large_image\" \/>\n<meta name=\"twitter:label1\" content=\"Szacowany czas czytania\" \/>\n\t<meta name=\"twitter:data1\" content=\"8 minut\" \/>\n<script type=\"application\/ld+json\" class=\"yoast-schema-graph\">{\"@context\":\"https:\/\/schema.org\",\"@graph\":[{\"@type\":\"WebPage\",\"@id\":\"https:\/\/bet1x2.com\/pl\/darmowe-spiny\/spiny-bez-depozytu\/\",\"url\":\"https:\/\/bet1x2.com\/pl\/darmowe-spiny\/spiny-bez-depozytu\/\",\"name\":\"Najlepsze Darmowe Spiny Bez Depozytu w Polsce \u2013 2025!\",\"isPartOf\":{\"@id\":\"https:\/\/bet1x2.com\/pl\/#website\"},\"datePublished\":\"2025-02-07T07:32:31+00:00\",\"dateModified\":\"2025-03-05T18:11:28+00:00\",\"description\":\"Odkryj najlepsze darmowe spiny bez depozytu za rejestracj\u0119 w Polsce! Zgarnij 20, 50 lub wi\u0119cej free spin\u00f3w i zacznij gra\u0107 ju\u017c dzi\u015b!\",\"breadcrumb\":{\"@id\":\"https:\/\/bet1x2.com\/pl\/darmowe-spiny\/spiny-bez-depozytu\/#breadcrumb\"},\"inLanguage\":\"pl-PL\",\"potentialAction\":[{\"@type\":\"ReadAction\",\"target\":[\"https:\/\/bet1x2.com\/pl\/darmowe-spiny\/spiny-bez-depozytu\/\"]}]},{\"@type\":\"BreadcrumbList\",\"@id\":\"https:\/\/bet1x2.com\/pl\/darmowe-spiny\/spiny-bez-depozytu\/#breadcrumb\",\"itemListElement\":[{\"@type\":\"ListItem\",\"position\":1,\"name\":\"Home\",\"item\":\"https:\/\/bet1x2.com\/pl\/\"},{\"@type\":\"ListItem\",\"position\":2,\"name\":\"Darmowe spiny\",\"item\":\"https:\/\/bet1x2.com\/pl\/darmowe-spiny\/\"},{\"@type\":\"ListItem\",\"position\":3,\"name\":\"Spiny bez Depozytu\"}]},{\"@type\":\"WebSite\",\"@id\":\"https:\/\/bet1x2.com\/pl\/#website\",\"url\":\"https:\/\/bet1x2.com\/pl\/\",\"name\":\"Bet1x2\",\"description\":\"Bonusy i promocje kasyn online w Polsce\",\"publisher\":{\"@id\":\"https:\/\/bet1x2.com\/pl\/#organization\"},\"potentialAction\":[{\"@type\":\"SearchAction\",\"target\":{\"@type\":\"EntryPoint\",\"urlTemplate\":\"https:\/\/bet1x2.com\/pl\/?s={search_term_string}\"},\"query-input\":{\"@type\":\"PropertyValueSpecification\",\"valueRequired\":true,\"valueName\":\"search_term_string\"}}],\"inLanguage\":\"pl-PL\"},{\"@type\":\"Organization\",\"@id\":\"https:\/\/bet1x2.com\/pl\/#organization\",\"name\":\"Bet1x2\",\"url\":\"https:\/\/bet1x2.com\/pl\/\",\"logo\":{\"@type\":\"ImageObject\",\"inLanguage\":\"pl-PL\",\"@id\":\"https:\/\/bet1x2.com\/pl\/#\/schema\/logo\/image\/\",\"url\":\"https:\/\/bet1x2.com\/pl\/wp-content\/uploads\/sites\/3\/2025\/02\/pl.svg\",\"contentUrl\":\"https:\/\/bet1x2.com\/pl\/wp-content\/uploads\/sites\/3\/2025\/02\/pl.svg\",\"caption\":\"Bet1x2\"},\"image\":{\"@id\":\"https:\/\/bet1x2.com\/pl\/#\/schema\/logo\/image\/\"}}]}<\/script>\n<!-- \/ Yoast SEO Premium plugin. -->","yoast_head_json":{"title":"Najlepsze Darmowe Spiny Bez Depozytu w Polsce \u2013 2025!","description":"Odkryj najlepsze darmowe spiny bez depozytu za rejestracj\u0119 w Polsce! Zgarnij 20, 50 lub wi\u0119cej free spin\u00f3w i zacznij gra\u0107 ju\u017c dzi\u015b!","robots":{"index":"index","follow":"follow","max-snippet":"max-snippet:-1","max-image-preview":"max-image-preview:large","max-video-preview":"max-video-preview:-1"},"canonical":"https:\/\/bet1x2.com\/pl\/darmowe-spiny\/spiny-bez-depozytu\/","og_locale":"pl_PL","og_type":"article","og_title":"Spiny bez Depozytu","og_description":"Odkryj najlepsze darmowe spiny bez depozytu za rejestracj\u0119 w Polsce! Zgarnij 20, 50 lub wi\u0119cej free spin\u00f3w i zacznij gra\u0107 ju\u017c dzi\u015b!","og_url":"https:\/\/bet1x2.com\/pl\/darmowe-spiny\/spiny-bez-depozytu\/","og_site_name":"Bet1x2","article_modified_time":"2025-03-05T18:11:28+00:00","twitter_card":"summary_large_image","twitter_misc":{"Szacowany czas czytania":"8 minut"},"schema":{"@context":"https:\/\/schema.org","@graph":[{"@type":"WebPage","@id":"https:\/\/bet1x2.com\/pl\/darmowe-spiny\/spiny-bez-depozytu\/","url":"https:\/\/bet1x2.com\/pl\/darmowe-spiny\/spiny-bez-depozytu\/","name":"Najlepsze Darmowe Spiny Bez Depozytu w Polsce \u2013 2025!","isPartOf":{"@id":"https:\/\/bet1x2.com\/pl\/#website"},"datePublished":"2025-02-07T07:32:31+00:00","dateModified":"2025-03-05T18:11:28+00:00","description":"Odkryj najlepsze darmowe spiny bez depozytu za rejestracj\u0119 w Polsce! Zgarnij 20, 50 lub wi\u0119cej free spin\u00f3w i zacznij gra\u0107 ju\u017c dzi\u015b!","breadcrumb":{"@id":"https:\/\/bet1x2.com\/pl\/darmowe-spiny\/spiny-bez-depozytu\/#breadcrumb"},"inLanguage":"pl-PL","potentialAction":[{"@type":"ReadAction","target":["https:\/\/bet1x2.com\/pl\/darmowe-spiny\/spiny-bez-depozytu\/"]}]},{"@type":"BreadcrumbList","@id":"https:\/\/bet1x2.com\/pl\/darmowe-spiny\/spiny-bez-depozytu\/#breadcrumb","itemListElement":[{"@type":"ListItem","position":1,"name":"Home","item":"https:\/\/bet1x2.com\/pl\/"},{"@type":"ListItem","position":2,"name":"Darmowe spiny","item":"https:\/\/bet1x2.com\/pl\/darmowe-spiny\/"},{"@type":"ListItem","position":3,"name":"Spiny bez Depozytu"}]},{"@type":"WebSite","@id":"https:\/\/bet1x2.com\/pl\/#website","url":"https:\/\/bet1x2.com\/pl\/","name":"Bet1x2","description":"Bonusy i promocje kasyn online w Polsce","publisher":{"@id":"https:\/\/bet1x2.com\/pl\/#organization"},"potentialAction":[{"@type":"SearchAction","target":{"@type":"EntryPoint","urlTemplate":"https:\/\/bet1x2.com\/pl\/?s={search_term_string}"},"query-input":{"@type":"PropertyValueSpecification","valueRequired":true,"valueName":"search_term_string"}}],"inLanguage":"pl-PL"},{"@type":"Organization","@id":"https:\/\/bet1x2.com\/pl\/#organization","name":"Bet1x2","url":"https:\/\/bet1x2.com\/pl\/","logo":{"@type":"ImageObject","inLanguage":"pl-PL","@id":"https:\/\/bet1x2.com\/pl\/#\/schema\/logo\/image\/","url":"https:\/\/bet1x2.com\/pl\/wp-content\/uploads\/sites\/3\/2025\/02\/pl.svg","contentUrl":"https:\/\/bet1x2.com\/pl\/wp-content\/uploads\/sites\/3\/2025\/02\/pl.svg","caption":"Bet1x2"},"image":{"@id":"https:\/\/bet1x2.com\/pl\/#\/schema\/logo\/image\/"}}]}},"_links":{"self":[{"href":"https:\/\/bet1x2.com\/pl\/wp-json\/wp\/v2\/pages\/1260","targetHints":{"allow":["GET"]}}],"collection":[{"href":"https:\/\/bet1x2.com\/pl\/wp-json\/wp\/v2\/pages"}],"about":[{"href":"https:\/\/bet1x2.com\/pl\/wp-json\/wp\/v2\/types\/page"}],"author":[{"embeddable":true,"href":"https:\/\/bet1x2.com\/pl\/wp-json\/wp\/v2\/users\/1"}],"replies":[{"embeddable":true,"href":"https:\/\/bet1x2.com\/pl\/wp-json\/wp\/v2\/comments?post=1260"}],"version-history":[{"count":5,"href":"https:\/\/bet1x2.com\/pl\/wp-json\/wp\/v2\/pages\/1260\/revisions"}],"predecessor-version":[{"id":3714,"href":"https:\/\/bet1x2.com\/pl\/wp-json\/wp\/v2\/pages\/1260\/revisions\/3714"}],"up":[{"embeddable":true,"href":"https:\/\/bet1x2.com\/pl\/wp-json\/wp\/v2\/pages\/47"}],"wp:attachment":[{"href":"https:\/\/bet1x2.com\/pl\/wp-json\/wp\/v2\/media?parent=1260"}],"curies":[{"name":"wp","href":"https:\/\/api.w.org\/{rel}","templated":true}]}}