{"id":1264,"date":"2025-02-07T08:47:15","date_gmt":"2025-02-07T07:47:15","guid":{"rendered":"https:\/\/bet1x2.com\/pl\/?page_id=1264"},"modified":"2025-03-05T19:30:55","modified_gmt":"2025-03-05T18:30:55","slug":"spiny-za-rejestracje","status":"publish","type":"page","link":"https:\/\/bet1x2.com\/pl\/darmowe-spiny\/spiny-za-rejestracje\/","title":{"rendered":"Spiny za Rejestracje"},"content":{"rendered":"\n<h2 class=\"wp-block-heading\">Najlepsze kasyno online darmowe spiny za rejestracj\u0119 w 2025 roku<\/h2>\n\n\n\n<p>Sprawd\u017amy, kt\u00f3re polskie kasyna online oferuj\u0105 obecnie darmowe spiny za rejestracj\u0119. Oto najlepsze promocje tego typu dost\u0119pne dla graczy z Polski:<\/p>\n\n\n\n<h2 class=\"wp-block-heading\">Czym s\u0105 darmowe spiny za rejestracj\u0119 w kasynach online?<\/h2>\n\n\n\n<p>Jak sama nazwa wskazuje, w ramach tej promocji gracz otrzymuje darmowe spiny za samo za\u0142o\u017cenie nowego konta w kasynie internetowym.<\/p>\n\n\n\n<p>Otrzymanie spin\u00f3w mo\u017ce wymaga\u0107 weryfikacji numeru telefonu, jednak nie trzeba dokonywa\u0107 \u017cadnej wp\u0142aty na nowe konto gracza w ekasyno.<\/p>\n\n\n\n<h3 class=\"wp-block-heading\">Czy darmowe spiny za rejestracj\u0119 s\u0105 legalne w Polsce?<\/h3>\n\n\n\n<p>Na naszej stronie znajdziesz wy\u0142\u0105cznie legalne kasyno online, kt\u00f3re posiada licencje hazardowe i spe\u0142nia najwy\u017csze standardy bezpiecze\u0144stwa.<\/p>\n\n\n\n<p>Dobrym przyk\u0142adem troski o bezpiecze\u0144stwo jest stosowana przez wiele naszych kasyn technologia szyfrowania SSL, chroni\u0105ca zar\u00f3wno Twoje dane osobowe, jak i \u015brodki finansowe.<\/p>\n\n\n\n<p>Licencje kasyn prezentowanych na naszej stronie pochodz\u0105 od renomowanych instytucji, takich jak Malta Gaming Authority czy United Kingdom Gambling Commission.<\/p>\n\n\n\n<p>Dodatkowym gwarantem uczciwo\u015bci gry kasynowej, w tym darmowych spin\u00f3w za rejestracj\u0119, jest powszechnie stosowany system RNG (Generator Liczb Losowych). Je\u015bli dane kasyno posiada certyfikat uczciwo\u015bci od niezale\u017cnej agencji, np. eCOGRA, mo\u017cesz mie\u0107 pewno\u015b\u0107, \u017ce Twoja gra jest uczciwa.<\/p>\n\n\n\n<p>Ponadto wszystkie najlepsze kasyna online dbaj\u0105 o bezpiecze\u0144stwo graczy, przypominaj\u0105c o zasadach odpowiedzialnego hazardu w specjalnej zak\u0142adce.<\/p>\n\n\n\n<h3 class=\"wp-block-heading\">Jak dzia\u0142aj\u0105 bonusy oferuj\u0105ce darmowe spiny za rejestracj\u0119?<\/h3>\n\n\n\n<p>Rejestracja w wi\u0119kszo\u015bci dzisiejszych kasyn online Polska jest uproszczona do minimum i zajmuje zaledwie kilka chwil. Wystarczy poda\u0107 podstawowe dane osobowe i kontaktowe, ustali\u0107 has\u0142o oraz zweryfikowa\u0107 konto mailowe \u2013 i gotowe!<\/p>\n\n\n\n<p>Je\u015bli dane kasyno online oferuje darmowe spiny za sam\u0105 rejestracj\u0119, mo\u017cesz od razu rozpocz\u0105\u0107 gr\u0119, wykorzystuj\u0105c otrzymany kasyno bonus.<\/p>\n\n\n\n<p>Zawsze warto jednak wcze\u015bniej zapozna\u0107 si\u0119 z regulaminem promocji, szczeg\u00f3lnie z wymaganym obrotem oraz czasem na wykorzystanie bonusu.<\/p>\n\n\n\n<h3 class=\"wp-block-heading\">Czy mog\u0119 wygra\u0107 prawdziwe pieni\u0105dze, wykorzystuj\u0105c do gry w kasynie darmowe obroty za rejestracj\u0119?<\/h3>\n\n\n\n<p>Oczywi\u015bcie! Je\u015bli spe\u0142nisz okre\u015blone w promocji warunki obrotu, nic nie stoi na przeszkodzie, aby\u015b wyp\u0142aci\u0142 swoj\u0105 wygran\u0105.<\/p>\n\n\n\n<p>Naturalnie mo\u017cesz r\u00f3wnie\u017c przeznaczy\u0107 zdobyte \u015brodki na dalsz\u0105 gr\u0119 w kasynie online na prawdziwe pieni\u0105dze.<\/p>\n\n\n\n<h2 class=\"wp-block-heading\">Jak za\u0142o\u017cy\u0107 konto i odebra\u0107 darmowe spiny bez depozytu za rejestracj\u0119?<\/h2>\n\n\n\n<p>Darmowe spiny za rejestracj\u0119 w kasyno online odbierzesz w bardzo \u0142atwy spos\u00f3b. Wystarczy, \u017ce wykonasz poni\u017csze kroki:<\/p>\n\n\n\n<ol class=\"wp-block-list\">\n<li>Wybierz polskie kasyno online oferuj\u0105ce atrakcyjne darmowe spiny za rejestracj\u0119. Naj\u0142atwiej b\u0119dzie skorzysta\u0107 z naszej tabeli, gdzie znajdziesz najlepsze kasyna online z aktualnymi bonusami tego typu.<\/li>\n\n\n\n<li>Za\u0142\u00f3\u017c konto gracza w wybranym ekasyno, post\u0119puj\u0105c zgodnie z instrukcjami na stronie kasyna.<\/li>\n\n\n\n<li>Przejd\u017a do zak\u0142adki z promocjami na swoim nowo utworzonym koncie.<\/li>\n\n\n\n<li>Je\u015bli darmowe spiny bez depozytu nie zosta\u0142y automatycznie dodane, kliknij na bonus powitalny i aktywuj go.<\/li>\n<\/ol>\n\n\n\n<h3 class=\"wp-block-heading\">Kiedy wykorzysta\u0107 darmowe spiny bez depozytu za rejestracj\u0119?<\/h3>\n\n\n\n<p>Warto pami\u0119ta\u0107, \u017ce wi\u0119kszo\u015b\u0107 kasyn online daje nowym graczom jedynie kilka dni na wykorzystanie darmowych spin\u00f3w za rejestracj\u0119 bez depozytu.<\/p>\n\n\n\n<p>Z tego wzgl\u0119du koniecznie przeczytaj regulamin promocji i zaplanuj czas na gry kasynowe. Je\u015bli nie b\u0119dziesz \u015bwiadomy okresu obowi\u0105zywania promocji, mo\u017cesz \u0142atwo przegapi\u0107 swoj\u0105 szans\u0119!<\/p>\n\n\n\n<h3 class=\"wp-block-heading\">Jak wyp\u0142aci\u0107 pieni\u0105dze wygrane dzi\u0119ki darmowym spinom za rejestracj\u0119?<\/h3>\n\n\n\n<p>Wygrane w kasyno internetowe dzi\u0119ki darmowym spinom za rejestracj\u0119 wyp\u0142acisz dok\u0142adnie tak samo, jak inne \u015brodki zdobyte w kasynie.<\/p>\n\n\n\n<p>Przejd\u017a do sekcji p\u0142atno\u015bci na swoim koncie w kasynie online, wybierz preferowan\u0105 metod\u0119 wyp\u0142aty, okre\u015bl kwot\u0119 i zle\u0107 wyp\u0142at\u0119. Najcz\u0119\u015bciej ju\u017c po kilku dniach pieni\u0105dze trafi\u0105 na Twoje konto bankowe.<\/p>\n\n\n\n<h2 class=\"wp-block-heading\">Zalety korzystania z darmowych spin\u00f3w za rejestracj\u0119<\/h2>\n\n\n\n<p>Niezale\u017cnie od tego, czy s\u0105 to darmowe spiny za potwierdzenie numeru telefonu, czy za samo za\u0142o\u017cenie konta, tego typu bonusy w kasyno online maj\u0105 wiele zalet dla graczy. Oto najwa\u017cniejsze korzy\u015bci:<\/p>\n\n\n\n<ul class=\"wp-block-list\">\n<li>Wymarzony pocz\u0105tek przygody z kasynem: nic nie wp\u0142acasz, a od razu grasz jako pe\u0142noprawny u\u017cytkownik kasyna internetowego.<\/li>\n\n\n\n<li>Mo\u017cliwo\u015b\u0107 przetestowania najlepszych gier: Twoje kasyno darmowe spiny na start przyzna Ci na konkretn\u0105 gr\u0119 slotow\u0105 \u2013 zazwyczaj jeden z popularnych automat\u00f3w.<\/li>\n\n\n\n<li>Szansa na wygranie prawdziwych pieni\u0119dzy: cho\u0107 otrzymujesz darmowe spiny bez depozytu, mo\u017cesz dzi\u0119ki nim wygra\u0107 realne \u015brodki.<\/li>\n\n\n\n<li>Brak ryzyka: nawet je\u015bli przegrasz wszystkie otrzymane darmowe spiny, nic nie tracisz!<\/li>\n<\/ul>\n\n\n\n<h3 class=\"wp-block-heading\">Darmowe spiny za rejestracj\u0119 a inne rodzaje darmowych spin\u00f3w<\/h3>\n\n\n\n<p>Sprawd\u017amy teraz, jak darmowe spiny za rejestracj\u0119 wypadaj\u0105 na tle innych popularnych rodzaj\u00f3w darmowych spin\u00f3w w kasynach online.<\/p>\n\n\n\n<h2 class=\"wp-block-heading\">Najcz\u0119\u015bciej spotykane rodzaje darmowych spin\u00f3w za rejestracj\u0119<\/h2>\n\n\n\n<p>W kasynach online Polska najpopularniejsze s\u0105 nast\u0119puj\u0105ce warianty darmowych spin\u00f3w za rejestracj\u0119:<\/p>\n\n\n\n<h3 class=\"wp-block-heading\">Darmowe spiny za rejestracj\u0119 bez depozytu<\/h3>\n\n\n\n<p>Darmowe spiny bez depozytu gracz otrzymuje za samo za\u0142o\u017cenie konta, bez konieczno\u015bci wp\u0142acania \u015brodk\u00f3w do kasyna internetowego. To kluczowa r\u00f3\u017cnica w por\u00f3wnaniu do standardowych bonus\u00f3w powitalnych, kt\u00f3re zazwyczaj wymagaj\u0105 dokonania przynajmniej jednego depozytu.<\/p>\n\n\n\n<h3 class=\"wp-block-heading\">Darmowe spiny za rejestracj\u0119 bez wymogu obrotu<\/h3>\n\n\n\n<p>Ten najbardziej atrakcyjny rodzaj darmowych spin\u00f3w za rejestracj\u0119 nie posiada \u017cadnych wymaga\u0144 dotycz\u0105cych obrotu wygranymi \u015brodkami, co oznacza, \u017ce mo\u017cesz je natychmiast wyp\u0142aci\u0107. Niestety wi\u0119kszo\u015b\u0107 ofert tego typu obejmuje zazwyczaj jedynie od 10 do 20 darmowych spin\u00f3w.<\/p>\n\n\n\n<h3 class=\"wp-block-heading\">Darmowe spiny za rejestracj\u0119 z niskim wymogiem obrotu<\/h3>\n\n\n\n<p>W tym wariancie gracz otrzymuje darmowe spiny od razu po rejestracji konta, a wymagany obr\u00f3t jest stosunkowo niski, co daje realn\u0105 szans\u0119 na wygranie prawdziwych pieni\u0119dzy. Sprawd\u017a nasz\u0105 tabel\u0119 na g\u00f3rze strony i wybierz najlepsze kasyno online oferuj\u0105ce tego typu promocje!<\/p>\n\n\n\n<h2 class=\"wp-block-heading\">Na co zwr\u00f3ci\u0107 uwag\u0119 przed skorzystaniem z oferty darmowych spin\u00f3w za rejestracj\u0119<\/h2>\n\n\n\n<p>Zastanawiasz si\u0119, jak rozpozna\u0107 dobr\u0105 ofert\u0119 darmowych spin\u00f3w za rejestracj\u0119 w kasyno online? Oto lista kwestii, kt\u00f3re warto sprawdzi\u0107 przed skorzystaniem z ka\u017cdej tego typu promocji.<\/p>\n\n\n\n<h3 class=\"wp-block-heading\">\u2705 Limit wygranej<\/h3>\n\n\n\n<p>Dok\u0142adnie przeczytaj regulamin promocji i sprawd\u017a, jaka jest maksymalna kwota, kt\u00f3r\u0105 mo\u017cesz wygra\u0107 dzi\u0119ki darmowym spinom. Oce\u0144, czy jest to suma, o kt\u00f3r\u0105 rzeczywi\u015bcie warto zagra\u0107 w kasynie internetowym.<\/p>\n\n\n\n<h3 class=\"wp-block-heading\">\u2705 Limit czasowy<\/h3>\n\n\n\n<p>Wym\u00f3g obrotu darmowymi spinami zazwyczaj posiada jasno okre\u015blony czas na jego spe\u0142nienie. Zwr\u00f3\u0107 uwag\u0119 na ograniczenia czasowe promocji i odpowiednio zaplanuj swoj\u0105 gr\u0119 w ekasyno.<\/p>\n\n\n\n<h3 class=\"wp-block-heading\">\u2705 Wymagany obr\u00f3t<\/h3>\n\n\n\n<p>To jeden z kluczowych czynnik\u00f3w decyduj\u0105cych o atrakcyjno\u015bci oferty darmowych spin\u00f3w. Oczywi\u015bcie im ni\u017cszy wymagany obr\u00f3t, tym bardziej atrakcyjny jest dany kasyno bonus!<\/p>\n\n\n\n<h3 class=\"wp-block-heading\">\u2705 Dost\u0119pne gry<\/h3>\n\n\n\n<p>Oferty darmowych spin\u00f3w za rejestracj\u0119 s\u0105 zwykle ograniczone do jednej konkretnej gry lub kilku gier wybranych przez kasyno online. Zanim za\u0142o\u017cysz konto, przetestuj wybrane sloty w wersji demo, aby upewni\u0107 si\u0119, \u017ce gra sprawi Ci przyjemno\u015b\u0107.<\/p>\n\n\n\n<h3 class=\"wp-block-heading\">\u2705 Wk\u0142ad gry w spe\u0142nienie warunku obrotu<\/h3>\n\n\n\n<p>Gry kasynowe r\u00f3\u017cni\u0105 si\u0119 mi\u0119dzy sob\u0105 procentowym wk\u0142adem w spe\u0142nienie wymaganego obrotu. W przypadku slot\u00f3w jest to zazwyczaj 100%, natomiast gry sto\u0142owe, takie jak blackjack, ruletka czy poker, maj\u0105 wsp\u00f3\u0142czynnik na poziomie zaledwie 5-10%.<\/p>\n\n\n\n<h3 class=\"wp-block-heading\">\u2705 Ograniczenia geograficzne<\/h3>\n\n\n\n<p>Nie wszystkie promocje s\u0105 dost\u0119pne we wszystkich krajach, w kt\u00f3rych dzia\u0142a dane kasyno internetowe. Zdecydowanie warto wi\u0119c upewni\u0107 si\u0119 wcze\u015bniej, \u017ce interesuj\u0105ca Ci\u0119 oferta jest dost\u0119pna w kraju, z kt\u00f3rego zamierzasz gra\u0107 w kasynie online Polska.<\/p>\n\n\n\n<h2 class=\"wp-block-heading\">Najlepsza strategia skorzystania z darmowych spin\u00f3w za rejestracj\u0119<\/h2>\n\n\n\n<p>Je\u015bli chcesz jak najlepiej wykorzysta\u0107 darmowe spiny za za\u0142o\u017cenie konta w nowym kasyno online, koniecznie zastosuj poni\u017csze wskaz\u00f3wki.<\/p>\n\n\n\n<h3 class=\"wp-block-heading\">1. Ustal realistyczny cel gry<\/h3>\n\n\n\n<p>Do ka\u017cdej gry kasynowej warto podchodzi\u0107 z jasno okre\u015blonym planem dotycz\u0105cym \u015brodk\u00f3w oraz czasu, jaki chcemy przeznaczy\u0107 na gr\u0119 \u2013 dotyczy to r\u00f3wnie\u017c darmowych spin\u00f3w za rejestracj\u0119.<\/p>\n\n\n\n<p>Oczywi\u015bcie, je\u015bli otrzymujesz jedynie kilka darmowych spin\u00f3w bez depozytu, Tw\u00f3j bud\u017cet na gr\u0119 nie b\u0119dzie du\u017cy, ale odpowiedzialny hazard to podstawa dobrej zabawy w ka\u017cdym kasynie internetowym.<\/p>\n\n\n\n<h3 class=\"wp-block-heading\">2. Sprawd\u017a wsp\u00f3\u0142czynnik RTP gry obj\u0119tej promocj\u0105<\/h3>\n\n\n\n<p>RTP (Return To Player) to \u015bredni procentowy zwrot pieni\u0119dzy, jaki gracz otrzymuje w danej grze. Sloty z najwi\u0119kszym RTP s\u0105 oczywi\u015bcie najbardziej op\u0142acalne.<\/p>\n\n\n\n<p>Zapraszamy do naszej obszernej sekcji recenzje kasyn online oraz recenzji najlepszych slot\u00f3w, gdzie znajdziesz wiele gier kasynowych z wysokim RTP!<\/p>\n\n\n\n<h3 class=\"wp-block-heading\">3. Dopasuj ofert\u0119 darmowych spin\u00f3w za rejestracj\u0119 do Twojego stylu gry<\/h3>\n\n\n\n<p>Przed wyborem konkretnej promocji dok\u0142adnie przeanalizuj wszystkie kwestie, kt\u00f3re wp\u0142yn\u0105 na Twoj\u0105 gr\u0119. S\u0105 to mi\u0119dzy innymi limity wyp\u0142at w kasynie online, wymagany obr\u00f3t oraz gry dost\u0119pne w ramach danej oferty.<\/p>\n\n\n\n<h3 class=\"wp-block-heading\">4. Graj bezpiecznie i ciesz si\u0119 gr\u0105<\/h3>\n\n\n\n<p>Kiedy wszystko b\u0119dzie ju\u017c gotowe, pozostanie Ci tylko czysta przyjemno\u015b\u0107 \u2013 sama gra! \u017byczymy Ci \u015bwietnej zabawy oraz wielu wygranych w polskie kasyno online.<\/p>\n\n\n\n<h2 class=\"wp-block-heading\">Rozwi\u0105zania cz\u0119stych problem\u00f3w<\/h2>\n\n\n\n<p>Mamy nadziej\u0119, \u017ce nie napotkasz \u017cadnych trudno\u015bci i b\u0119dziesz m\u00f3g\u0142 bez przeszk\u00f3d cieszy\u0107 si\u0119 swoimi darmowymi spinami w kasyno online!<\/p>\n\n\n\n<p>Oto, co mo\u017cesz zrobi\u0107, je\u015bli jednak pojawi\u0105 si\u0119 problemy techniczne:<\/p>\n\n\n\n<h3 class=\"wp-block-heading\">1. Nie otrzyma\u0142em darmowych spin\u00f3w po rejestracji<\/h3>\n\n\n\n<p>Na pocz\u0105tek od\u015bwie\u017c stron\u0119 kasyna internetowego lub zaloguj si\u0119 ponownie.<\/p>\n\n\n\n<p>Mo\u017cliwe r\u00f3wnie\u017c, \u017ce darmowe spiny za rejestracj\u0119 wymagaj\u0105 r\u0119cznej aktywacji w sekcji promocji na Twoim koncie gracza.<\/p>\n\n\n\n<h3 class=\"wp-block-heading\">2. Nie mog\u0119 wyp\u0142aci\u0107 wygranej<\/h3>\n\n\n\n<p>Przed zleceniem wyp\u0142aty upewnij si\u0119, \u017ce spe\u0142ni\u0142e\u015b wymagany obr\u00f3t okre\u015blony w regulaminie promocji.<\/p>\n\n\n\n<p>Je\u015bli problem dotyczy wybranej metody wyp\u0142aty, sprawd\u017a, czy jest ona dost\u0119pna dla graczy z kraju, w kt\u00f3rym korzystasz z kasyna online Polska.<\/p>\n\n\n\n<h3 class=\"wp-block-heading\">3. Moje darmowe spiny znikn\u0119\u0142y<\/h3>\n\n\n\n<p>Je\u017celi masz pewno\u015b\u0107, \u017ce nie wykorzysta\u0142e\u015b ich podczas wcze\u015bniejszej gry, prawdopodobn\u0105 przyczyn\u0105 jest up\u0142yni\u0119cie terminu wa\u017cno\u015bci promocji.<\/p>\n\n\n\n<p>Sprawd\u017a regulamin promocji i upewnij si\u0119, ile dni kasyno internetowe daje graczom na wykorzystanie darmowych spin\u00f3w.<\/p>\n\n\n\n<h3 class=\"wp-block-heading\">4. Kasyno nie wyp\u0142aci\u0142o mojej wygranej<\/h3>\n\n\n\n<p>Pami\u0119taj, \u017ce niekt\u00f3re wyp\u0142aty w kasynach online mog\u0105 potrwa\u0107 nawet do 7 dni roboczych.<\/p>\n\n\n\n<p>Kasyno online szybkie wyp\u0142aty zazwyczaj realizuje w kr\u00f3tszym czasie, jednak zar\u00f3wno kasyna, jak i banki maj\u0105 okre\u015blone rezerwy czasowe na przetworzenie transakcji.<\/p>\n","protected":false},"excerpt":{"rendered":"<p>Najlepsze kasyno online darmowe spiny za rejestracj\u0119 w 2025 roku Sprawd\u017amy, kt\u00f3re polskie kasyna online oferuj\u0105 obecnie darmowe spiny za rejestracj\u0119. Oto najlepsze promocje tego typu dost\u0119pne dla graczy z Polski: Czym s\u0105 darmowe spiny za rejestracj\u0119 w kasynach online? Jak sama nazwa wskazuje, w ramach tej promocji gracz otrzymuje darmowe spiny za samo za\u0142o\u017cenie &#8230; <a title=\"Spiny za Rejestracje\" class=\"read-more\" href=\"https:\/\/bet1x2.com\/pl\/darmowe-spiny\/spiny-za-rejestracje\/\" aria-label=\"Dowiedz si\u0119 wi\u0119cej o Spiny za Rejestracje\">Czytaj dalej<\/a><\/p>\n","protected":false},"author":1,"featured_media":0,"parent":47,"menu_order":0,"comment_status":"closed","ping_status":"closed","template":"","meta":{"footnotes":""},"class_list":["post-1264","page","type-page","status-publish"],"yoast_head":"<!-- This site is optimized with the Yoast SEO Premium plugin v24.8 (Yoast SEO v27.2) - https:\/\/yoast.com\/product\/yoast-seo-premium-wordpress\/ -->\n<title>Najlepsze kasyno online darmowe spiny za rejestracj\u0119 2025<\/title>\n<meta name=\"description\" content=\"Odbierz darmowe spiny za rejestracj\u0119 w polskich kasynach online! Sprawd\u017a nasz poradnik, poznaj najlepsze promocje kasynowe i skuteczne strategie gry!\" \/>\n<meta name=\"robots\" content=\"index, follow, max-snippet:-1, max-image-preview:large, max-video-preview:-1\" \/>\n<link rel=\"canonical\" href=\"https:\/\/bet1x2.com\/pl\/darmowe-spiny\/spiny-za-rejestracje\/\" \/>\n<meta property=\"og:locale\" content=\"pl_PL\" \/>\n<meta property=\"og:type\" content=\"article\" \/>\n<meta property=\"og:title\" content=\"Spiny za Rejestracje\" \/>\n<meta property=\"og:description\" content=\"Odbierz darmowe spiny za rejestracj\u0119 w polskich kasynach online! Sprawd\u017a nasz poradnik, poznaj najlepsze promocje kasynowe i skuteczne strategie gry!\" \/>\n<meta property=\"og:url\" content=\"https:\/\/bet1x2.com\/pl\/darmowe-spiny\/spiny-za-rejestracje\/\" \/>\n<meta property=\"og:site_name\" content=\"Bet1x2\" \/>\n<meta property=\"article:modified_time\" content=\"2025-03-05T18:30:55+00:00\" \/>\n<meta name=\"twitter:card\" content=\"summary_large_image\" \/>\n<meta name=\"twitter:label1\" content=\"Szacowany czas czytania\" \/>\n\t<meta name=\"twitter:data1\" content=\"9 minut\" \/>\n<script type=\"application\/ld+json\" class=\"yoast-schema-graph\">{\"@context\":\"https:\/\/schema.org\",\"@graph\":[{\"@type\":\"WebPage\",\"@id\":\"https:\/\/bet1x2.com\/pl\/darmowe-spiny\/spiny-za-rejestracje\/\",\"url\":\"https:\/\/bet1x2.com\/pl\/darmowe-spiny\/spiny-za-rejestracje\/\",\"name\":\"Najlepsze kasyno online darmowe spiny za rejestracj\u0119 2025\",\"isPartOf\":{\"@id\":\"https:\/\/bet1x2.com\/pl\/#website\"},\"datePublished\":\"2025-02-07T07:47:15+00:00\",\"dateModified\":\"2025-03-05T18:30:55+00:00\",\"description\":\"Odbierz darmowe spiny za rejestracj\u0119 w polskich kasynach online! Sprawd\u017a nasz poradnik, poznaj najlepsze promocje kasynowe i skuteczne strategie gry!\",\"breadcrumb\":{\"@id\":\"https:\/\/bet1x2.com\/pl\/darmowe-spiny\/spiny-za-rejestracje\/#breadcrumb\"},\"inLanguage\":\"pl-PL\",\"potentialAction\":[{\"@type\":\"ReadAction\",\"target\":[\"https:\/\/bet1x2.com\/pl\/darmowe-spiny\/spiny-za-rejestracje\/\"]}]},{\"@type\":\"BreadcrumbList\",\"@id\":\"https:\/\/bet1x2.com\/pl\/darmowe-spiny\/spiny-za-rejestracje\/#breadcrumb\",\"itemListElement\":[{\"@type\":\"ListItem\",\"position\":1,\"name\":\"Home\",\"item\":\"https:\/\/bet1x2.com\/pl\/\"},{\"@type\":\"ListItem\",\"position\":2,\"name\":\"Darmowe spiny\",\"item\":\"https:\/\/bet1x2.com\/pl\/darmowe-spiny\/\"},{\"@type\":\"ListItem\",\"position\":3,\"name\":\"Spiny za Rejestracje\"}]},{\"@type\":\"WebSite\",\"@id\":\"https:\/\/bet1x2.com\/pl\/#website\",\"url\":\"https:\/\/bet1x2.com\/pl\/\",\"name\":\"Bet1x2\",\"description\":\"Bonusy i promocje kasyn online w Polsce\",\"publisher\":{\"@id\":\"https:\/\/bet1x2.com\/pl\/#organization\"},\"potentialAction\":[{\"@type\":\"SearchAction\",\"target\":{\"@type\":\"EntryPoint\",\"urlTemplate\":\"https:\/\/bet1x2.com\/pl\/?s={search_term_string}\"},\"query-input\":{\"@type\":\"PropertyValueSpecification\",\"valueRequired\":true,\"valueName\":\"search_term_string\"}}],\"inLanguage\":\"pl-PL\"},{\"@type\":\"Organization\",\"@id\":\"https:\/\/bet1x2.com\/pl\/#organization\",\"name\":\"Bet1x2\",\"url\":\"https:\/\/bet1x2.com\/pl\/\",\"logo\":{\"@type\":\"ImageObject\",\"inLanguage\":\"pl-PL\",\"@id\":\"https:\/\/bet1x2.com\/pl\/#\/schema\/logo\/image\/\",\"url\":\"https:\/\/bet1x2.com\/pl\/wp-content\/uploads\/sites\/3\/2025\/02\/pl.svg\",\"contentUrl\":\"https:\/\/bet1x2.com\/pl\/wp-content\/uploads\/sites\/3\/2025\/02\/pl.svg\",\"caption\":\"Bet1x2\"},\"image\":{\"@id\":\"https:\/\/bet1x2.com\/pl\/#\/schema\/logo\/image\/\"}}]}<\/script>\n<!-- \/ Yoast SEO Premium plugin. -->","yoast_head_json":{"title":"Najlepsze kasyno online darmowe spiny za rejestracj\u0119 2025","description":"Odbierz darmowe spiny za rejestracj\u0119 w polskich kasynach online! Sprawd\u017a nasz poradnik, poznaj najlepsze promocje kasynowe i skuteczne strategie gry!","robots":{"index":"index","follow":"follow","max-snippet":"max-snippet:-1","max-image-preview":"max-image-preview:large","max-video-preview":"max-video-preview:-1"},"canonical":"https:\/\/bet1x2.com\/pl\/darmowe-spiny\/spiny-za-rejestracje\/","og_locale":"pl_PL","og_type":"article","og_title":"Spiny za Rejestracje","og_description":"Odbierz darmowe spiny za rejestracj\u0119 w polskich kasynach online! Sprawd\u017a nasz poradnik, poznaj najlepsze promocje kasynowe i skuteczne strategie gry!","og_url":"https:\/\/bet1x2.com\/pl\/darmowe-spiny\/spiny-za-rejestracje\/","og_site_name":"Bet1x2","article_modified_time":"2025-03-05T18:30:55+00:00","twitter_card":"summary_large_image","twitter_misc":{"Szacowany czas czytania":"9 minut"},"schema":{"@context":"https:\/\/schema.org","@graph":[{"@type":"WebPage","@id":"https:\/\/bet1x2.com\/pl\/darmowe-spiny\/spiny-za-rejestracje\/","url":"https:\/\/bet1x2.com\/pl\/darmowe-spiny\/spiny-za-rejestracje\/","name":"Najlepsze kasyno online darmowe spiny za rejestracj\u0119 2025","isPartOf":{"@id":"https:\/\/bet1x2.com\/pl\/#website"},"datePublished":"2025-02-07T07:47:15+00:00","dateModified":"2025-03-05T18:30:55+00:00","description":"Odbierz darmowe spiny za rejestracj\u0119 w polskich kasynach online! Sprawd\u017a nasz poradnik, poznaj najlepsze promocje kasynowe i skuteczne strategie gry!","breadcrumb":{"@id":"https:\/\/bet1x2.com\/pl\/darmowe-spiny\/spiny-za-rejestracje\/#breadcrumb"},"inLanguage":"pl-PL","potentialAction":[{"@type":"ReadAction","target":["https:\/\/bet1x2.com\/pl\/darmowe-spiny\/spiny-za-rejestracje\/"]}]},{"@type":"BreadcrumbList","@id":"https:\/\/bet1x2.com\/pl\/darmowe-spiny\/spiny-za-rejestracje\/#breadcrumb","itemListElement":[{"@type":"ListItem","position":1,"name":"Home","item":"https:\/\/bet1x2.com\/pl\/"},{"@type":"ListItem","position":2,"name":"Darmowe spiny","item":"https:\/\/bet1x2.com\/pl\/darmowe-spiny\/"},{"@type":"ListItem","position":3,"name":"Spiny za Rejestracje"}]},{"@type":"WebSite","@id":"https:\/\/bet1x2.com\/pl\/#website","url":"https:\/\/bet1x2.com\/pl\/","name":"Bet1x2","description":"Bonusy i promocje kasyn online w Polsce","publisher":{"@id":"https:\/\/bet1x2.com\/pl\/#organization"},"potentialAction":[{"@type":"SearchAction","target":{"@type":"EntryPoint","urlTemplate":"https:\/\/bet1x2.com\/pl\/?s={search_term_string}"},"query-input":{"@type":"PropertyValueSpecification","valueRequired":true,"valueName":"search_term_string"}}],"inLanguage":"pl-PL"},{"@type":"Organization","@id":"https:\/\/bet1x2.com\/pl\/#organization","name":"Bet1x2","url":"https:\/\/bet1x2.com\/pl\/","logo":{"@type":"ImageObject","inLanguage":"pl-PL","@id":"https:\/\/bet1x2.com\/pl\/#\/schema\/logo\/image\/","url":"https:\/\/bet1x2.com\/pl\/wp-content\/uploads\/sites\/3\/2025\/02\/pl.svg","contentUrl":"https:\/\/bet1x2.com\/pl\/wp-content\/uploads\/sites\/3\/2025\/02\/pl.svg","caption":"Bet1x2"},"image":{"@id":"https:\/\/bet1x2.com\/pl\/#\/schema\/logo\/image\/"}}]}},"_links":{"self":[{"href":"https:\/\/bet1x2.com\/pl\/wp-json\/wp\/v2\/pages\/1264","targetHints":{"allow":["GET"]}}],"collection":[{"href":"https:\/\/bet1x2.com\/pl\/wp-json\/wp\/v2\/pages"}],"about":[{"href":"https:\/\/bet1x2.com\/pl\/wp-json\/wp\/v2\/types\/page"}],"author":[{"embeddable":true,"href":"https:\/\/bet1x2.com\/pl\/wp-json\/wp\/v2\/users\/1"}],"replies":[{"embeddable":true,"href":"https:\/\/bet1x2.com\/pl\/wp-json\/wp\/v2\/comments?post=1264"}],"version-history":[{"count":5,"href":"https:\/\/bet1x2.com\/pl\/wp-json\/wp\/v2\/pages\/1264\/revisions"}],"predecessor-version":[{"id":3724,"href":"https:\/\/bet1x2.com\/pl\/wp-json\/wp\/v2\/pages\/1264\/revisions\/3724"}],"up":[{"embeddable":true,"href":"https:\/\/bet1x2.com\/pl\/wp-json\/wp\/v2\/pages\/47"}],"wp:attachment":[{"href":"https:\/\/bet1x2.com\/pl\/wp-json\/wp\/v2\/media?parent=1264"}],"curies":[{"name":"wp","href":"https:\/\/api.w.org\/{rel}","templated":true}]}}