{"id":129,"date":"2025-02-03T19:39:16","date_gmt":"2025-02-03T18:39:16","guid":{"rendered":"https:\/\/bet1x2.com\/pl\/?page_id=129"},"modified":"2025-02-07T10:52:15","modified_gmt":"2025-02-07T09:52:15","slug":"licencje-hazardowe","status":"publish","type":"page","link":"https:\/\/bet1x2.com\/pl\/informacje\/licencje-hazardowe\/","title":{"rendered":"Licencje hazardowe"},"content":{"rendered":"","protected":false},"excerpt":{"rendered":"","protected":false},"author":1,"featured_media":0,"parent":121,"menu_order":0,"comment_status":"closed","ping_status":"closed","template":"","meta":{"footnotes":""},"class_list":["post-129","page","type-page","status-publish"],"yoast_head":"<!-- This site is optimized with the Yoast SEO Premium plugin v24.8 (Yoast SEO v27.2) - https:\/\/yoast.com\/product\/yoast-seo-premium-wordpress\/ -->\n<title>Dlaczego Licencje Hazardowe S\u0105 Kluczowe dla Kasyn Online w 2025?<\/title>\n<meta name=\"description\" content=\"Dowiedz si\u0119, czym s\u0105 licencje hazardowe, dlaczego s\u0105 kluczowe dla bezpiecze\u0144stwa graczy, i jak wybra\u0107 bezpieczne kasyno online w Polsce w 2025 roku.\" \/>\n<meta name=\"robots\" content=\"index, follow, max-snippet:-1, max-image-preview:large, max-video-preview:-1\" \/>\n<link rel=\"canonical\" href=\"https:\/\/bet1x2.com\/pl\/informacje\/licencje-hazardowe\/\" \/>\n<meta property=\"og:locale\" content=\"pl_PL\" \/>\n<meta property=\"og:type\" content=\"article\" \/>\n<meta property=\"og:title\" content=\"Licencje hazardowe\" \/>\n<meta property=\"og:description\" content=\"Dowiedz si\u0119, czym s\u0105 licencje hazardowe, dlaczego s\u0105 kluczowe dla bezpiecze\u0144stwa graczy, i jak wybra\u0107 bezpieczne kasyno online w Polsce w 2025 roku.\" \/>\n<meta property=\"og:url\" content=\"https:\/\/bet1x2.com\/pl\/informacje\/licencje-hazardowe\/\" \/>\n<meta property=\"og:site_name\" content=\"Bet1x2\" \/>\n<meta property=\"article:modified_time\" content=\"2025-02-07T09:52:15+00:00\" \/>\n<meta name=\"twitter:card\" content=\"summary_large_image\" \/>\n<script type=\"application\/ld+json\" class=\"yoast-schema-graph\">{\"@context\":\"https:\/\/schema.org\",\"@graph\":[{\"@type\":\"WebPage\",\"@id\":\"https:\/\/bet1x2.com\/pl\/informacje\/licencje-hazardowe\/\",\"url\":\"https:\/\/bet1x2.com\/pl\/informacje\/licencje-hazardowe\/\",\"name\":\"Dlaczego Licencje Hazardowe S\u0105 Kluczowe dla Kasyn Online w 2025?\",\"isPartOf\":{\"@id\":\"https:\/\/bet1x2.com\/pl\/#website\"},\"datePublished\":\"2025-02-03T18:39:16+00:00\",\"dateModified\":\"2025-02-07T09:52:15+00:00\",\"description\":\"Dowiedz si\u0119, czym s\u0105 licencje hazardowe, dlaczego s\u0105 kluczowe dla bezpiecze\u0144stwa graczy, i jak wybra\u0107 bezpieczne kasyno online w Polsce w 2025 roku.\",\"breadcrumb\":{\"@id\":\"https:\/\/bet1x2.com\/pl\/informacje\/licencje-hazardowe\/#breadcrumb\"},\"inLanguage\":\"pl-PL\",\"potentialAction\":[{\"@type\":\"ReadAction\",\"target\":[\"https:\/\/bet1x2.com\/pl\/informacje\/licencje-hazardowe\/\"]}]},{\"@type\":\"BreadcrumbList\",\"@id\":\"https:\/\/bet1x2.com\/pl\/informacje\/licencje-hazardowe\/#breadcrumb\",\"itemListElement\":[{\"@type\":\"ListItem\",\"position\":1,\"name\":\"Home\",\"item\":\"https:\/\/bet1x2.com\/pl\/\"},{\"@type\":\"ListItem\",\"position\":2,\"name\":\"Informacje\",\"item\":\"https:\/\/bet1x2.com\/pl\/informacje\/\"},{\"@type\":\"ListItem\",\"position\":3,\"name\":\"Licencje hazardowe\"}]},{\"@type\":\"WebSite\",\"@id\":\"https:\/\/bet1x2.com\/pl\/#website\",\"url\":\"https:\/\/bet1x2.com\/pl\/\",\"name\":\"Bet1x2\",\"description\":\"Bonusy i promocje kasyn online w Polsce\",\"publisher\":{\"@id\":\"https:\/\/bet1x2.com\/pl\/#organization\"},\"potentialAction\":[{\"@type\":\"SearchAction\",\"target\":{\"@type\":\"EntryPoint\",\"urlTemplate\":\"https:\/\/bet1x2.com\/pl\/?s={search_term_string}\"},\"query-input\":{\"@type\":\"PropertyValueSpecification\",\"valueRequired\":true,\"valueName\":\"search_term_string\"}}],\"inLanguage\":\"pl-PL\"},{\"@type\":\"Organization\",\"@id\":\"https:\/\/bet1x2.com\/pl\/#organization\",\"name\":\"Bet1x2\",\"url\":\"https:\/\/bet1x2.com\/pl\/\",\"logo\":{\"@type\":\"ImageObject\",\"inLanguage\":\"pl-PL\",\"@id\":\"https:\/\/bet1x2.com\/pl\/#\/schema\/logo\/image\/\",\"url\":\"https:\/\/bet1x2.com\/pl\/wp-content\/uploads\/sites\/3\/2025\/02\/pl.svg\",\"contentUrl\":\"https:\/\/bet1x2.com\/pl\/wp-content\/uploads\/sites\/3\/2025\/02\/pl.svg\",\"caption\":\"Bet1x2\"},\"image\":{\"@id\":\"https:\/\/bet1x2.com\/pl\/#\/schema\/logo\/image\/\"}}]}<\/script>\n<!-- \/ Yoast SEO Premium plugin. -->","yoast_head_json":{"title":"Dlaczego Licencje Hazardowe S\u0105 Kluczowe dla Kasyn Online w 2025?","description":"Dowiedz si\u0119, czym s\u0105 licencje hazardowe, dlaczego s\u0105 kluczowe dla bezpiecze\u0144stwa graczy, i jak wybra\u0107 bezpieczne kasyno online w Polsce w 2025 roku.","robots":{"index":"index","follow":"follow","max-snippet":"max-snippet:-1","max-image-preview":"max-image-preview:large","max-video-preview":"max-video-preview:-1"},"canonical":"https:\/\/bet1x2.com\/pl\/informacje\/licencje-hazardowe\/","og_locale":"pl_PL","og_type":"article","og_title":"Licencje hazardowe","og_description":"Dowiedz si\u0119, czym s\u0105 licencje hazardowe, dlaczego s\u0105 kluczowe dla bezpiecze\u0144stwa graczy, i jak wybra\u0107 bezpieczne kasyno online w Polsce w 2025 roku.","og_url":"https:\/\/bet1x2.com\/pl\/informacje\/licencje-hazardowe\/","og_site_name":"Bet1x2","article_modified_time":"2025-02-07T09:52:15+00:00","twitter_card":"summary_large_image","schema":{"@context":"https:\/\/schema.org","@graph":[{"@type":"WebPage","@id":"https:\/\/bet1x2.com\/pl\/informacje\/licencje-hazardowe\/","url":"https:\/\/bet1x2.com\/pl\/informacje\/licencje-hazardowe\/","name":"Dlaczego Licencje Hazardowe S\u0105 Kluczowe dla Kasyn Online w 2025?","isPartOf":{"@id":"https:\/\/bet1x2.com\/pl\/#website"},"datePublished":"2025-02-03T18:39:16+00:00","dateModified":"2025-02-07T09:52:15+00:00","description":"Dowiedz si\u0119, czym s\u0105 licencje hazardowe, dlaczego s\u0105 kluczowe dla bezpiecze\u0144stwa graczy, i jak wybra\u0107 bezpieczne kasyno online w Polsce w 2025 roku.","breadcrumb":{"@id":"https:\/\/bet1x2.com\/pl\/informacje\/licencje-hazardowe\/#breadcrumb"},"inLanguage":"pl-PL","potentialAction":[{"@type":"ReadAction","target":["https:\/\/bet1x2.com\/pl\/informacje\/licencje-hazardowe\/"]}]},{"@type":"BreadcrumbList","@id":"https:\/\/bet1x2.com\/pl\/informacje\/licencje-hazardowe\/#breadcrumb","itemListElement":[{"@type":"ListItem","position":1,"name":"Home","item":"https:\/\/bet1x2.com\/pl\/"},{"@type":"ListItem","position":2,"name":"Informacje","item":"https:\/\/bet1x2.com\/pl\/informacje\/"},{"@type":"ListItem","position":3,"name":"Licencje hazardowe"}]},{"@type":"WebSite","@id":"https:\/\/bet1x2.com\/pl\/#website","url":"https:\/\/bet1x2.com\/pl\/","name":"Bet1x2","description":"Bonusy i promocje kasyn online w Polsce","publisher":{"@id":"https:\/\/bet1x2.com\/pl\/#organization"},"potentialAction":[{"@type":"SearchAction","target":{"@type":"EntryPoint","urlTemplate":"https:\/\/bet1x2.com\/pl\/?s={search_term_string}"},"query-input":{"@type":"PropertyValueSpecification","valueRequired":true,"valueName":"search_term_string"}}],"inLanguage":"pl-PL"},{"@type":"Organization","@id":"https:\/\/bet1x2.com\/pl\/#organization","name":"Bet1x2","url":"https:\/\/bet1x2.com\/pl\/","logo":{"@type":"ImageObject","inLanguage":"pl-PL","@id":"https:\/\/bet1x2.com\/pl\/#\/schema\/logo\/image\/","url":"https:\/\/bet1x2.com\/pl\/wp-content\/uploads\/sites\/3\/2025\/02\/pl.svg","contentUrl":"https:\/\/bet1x2.com\/pl\/wp-content\/uploads\/sites\/3\/2025\/02\/pl.svg","caption":"Bet1x2"},"image":{"@id":"https:\/\/bet1x2.com\/pl\/#\/schema\/logo\/image\/"}}]}},"_links":{"self":[{"href":"https:\/\/bet1x2.com\/pl\/wp-json\/wp\/v2\/pages\/129","targetHints":{"allow":["GET"]}}],"collection":[{"href":"https:\/\/bet1x2.com\/pl\/wp-json\/wp\/v2\/pages"}],"about":[{"href":"https:\/\/bet1x2.com\/pl\/wp-json\/wp\/v2\/types\/page"}],"author":[{"embeddable":true,"href":"https:\/\/bet1x2.com\/pl\/wp-json\/wp\/v2\/users\/1"}],"replies":[{"embeddable":true,"href":"https:\/\/bet1x2.com\/pl\/wp-json\/wp\/v2\/comments?post=129"}],"version-history":[{"count":0,"href":"https:\/\/bet1x2.com\/pl\/wp-json\/wp\/v2\/pages\/129\/revisions"}],"up":[{"embeddable":true,"href":"https:\/\/bet1x2.com\/pl\/wp-json\/wp\/v2\/pages\/121"}],"wp:attachment":[{"href":"https:\/\/bet1x2.com\/pl\/wp-json\/wp\/v2\/media?parent=129"}],"curies":[{"name":"wp","href":"https:\/\/api.w.org\/{rel}","templated":true}]}}