{"id":1295,"date":"2025-02-07T10:34:00","date_gmt":"2025-02-07T09:34:00","guid":{"rendered":"https:\/\/bet1x2.com\/pl\/?page_id=1295"},"modified":"2025-02-07T10:40:59","modified_gmt":"2025-02-07T09:40:59","slug":"polityka-plikow-cookie","status":"publish","type":"page","link":"https:\/\/bet1x2.com\/pl\/informacje\/polityka-plikow-cookie\/","title":{"rendered":"Polityka plik\u00f3w cookie"},"content":{"rendered":"","protected":false},"excerpt":{"rendered":"","protected":false},"author":1,"featured_media":0,"parent":121,"menu_order":0,"comment_status":"closed","ping_status":"closed","template":"","meta":{"footnotes":""},"class_list":["post-1295","page","type-page","status-publish"],"yoast_head":"<!-- This site is optimized with the Yoast SEO Premium plugin v24.8 (Yoast SEO v27.2) - https:\/\/yoast.com\/product\/yoast-seo-premium-wordpress\/ -->\n<title>Polityka Plik\u00f3w Cookie \u2013 Bet1x2 2025<\/title>\n<meta name=\"description\" content=\"Zrozum, czym jest polityka plik\u00f3w cookie i jaki ma wp\u0142yw na Twoje wra\u017cenia z gry. Dowiedz si\u0119 wi\u0119cej z naszego artyku\u0142u i poznaj aktualizacje na rok 2025!\" \/>\n<meta name=\"robots\" content=\"index, follow, max-snippet:-1, max-image-preview:large, max-video-preview:-1\" \/>\n<link rel=\"canonical\" href=\"https:\/\/bet1x2.com\/pl\/informacje\/polityka-plikow-cookie\/\" \/>\n<meta property=\"og:locale\" content=\"pl_PL\" \/>\n<meta property=\"og:type\" content=\"article\" \/>\n<meta property=\"og:title\" content=\"Polityka plik\u00f3w cookie\" \/>\n<meta property=\"og:description\" content=\"Zrozum, czym jest polityka plik\u00f3w cookie i jaki ma wp\u0142yw na Twoje wra\u017cenia z gry. Dowiedz si\u0119 wi\u0119cej z naszego artyku\u0142u i poznaj aktualizacje na rok 2025!\" \/>\n<meta property=\"og:url\" content=\"https:\/\/bet1x2.com\/pl\/informacje\/polityka-plikow-cookie\/\" \/>\n<meta property=\"og:site_name\" content=\"Bet1x2\" \/>\n<meta property=\"article:modified_time\" content=\"2025-02-07T09:40:59+00:00\" \/>\n<meta name=\"twitter:card\" content=\"summary_large_image\" \/>\n<script type=\"application\/ld+json\" class=\"yoast-schema-graph\">{\"@context\":\"https:\/\/schema.org\",\"@graph\":[{\"@type\":\"WebPage\",\"@id\":\"https:\/\/bet1x2.com\/pl\/informacje\/polityka-plikow-cookie\/\",\"url\":\"https:\/\/bet1x2.com\/pl\/informacje\/polityka-plikow-cookie\/\",\"name\":\"Polityka Plik\u00f3w Cookie \u2013 Bet1x2 2025\",\"isPartOf\":{\"@id\":\"https:\/\/bet1x2.com\/pl\/#website\"},\"datePublished\":\"2025-02-07T09:34:00+00:00\",\"dateModified\":\"2025-02-07T09:40:59+00:00\",\"description\":\"Zrozum, czym jest polityka plik\u00f3w cookie i jaki ma wp\u0142yw na Twoje wra\u017cenia z gry. Dowiedz si\u0119 wi\u0119cej z naszego artyku\u0142u i poznaj aktualizacje na rok 2025!\",\"breadcrumb\":{\"@id\":\"https:\/\/bet1x2.com\/pl\/informacje\/polityka-plikow-cookie\/#breadcrumb\"},\"inLanguage\":\"pl-PL\",\"potentialAction\":[{\"@type\":\"ReadAction\",\"target\":[\"https:\/\/bet1x2.com\/pl\/informacje\/polityka-plikow-cookie\/\"]}]},{\"@type\":\"BreadcrumbList\",\"@id\":\"https:\/\/bet1x2.com\/pl\/informacje\/polityka-plikow-cookie\/#breadcrumb\",\"itemListElement\":[{\"@type\":\"ListItem\",\"position\":1,\"name\":\"Home\",\"item\":\"https:\/\/bet1x2.com\/pl\/\"},{\"@type\":\"ListItem\",\"position\":2,\"name\":\"Informacje\",\"item\":\"https:\/\/bet1x2.com\/pl\/informacje\/\"},{\"@type\":\"ListItem\",\"position\":3,\"name\":\"Polityka plik\u00f3w cookie\"}]},{\"@type\":\"WebSite\",\"@id\":\"https:\/\/bet1x2.com\/pl\/#website\",\"url\":\"https:\/\/bet1x2.com\/pl\/\",\"name\":\"Bet1x2\",\"description\":\"Bonusy i promocje kasyn online w Polsce\",\"publisher\":{\"@id\":\"https:\/\/bet1x2.com\/pl\/#organization\"},\"potentialAction\":[{\"@type\":\"SearchAction\",\"target\":{\"@type\":\"EntryPoint\",\"urlTemplate\":\"https:\/\/bet1x2.com\/pl\/?s={search_term_string}\"},\"query-input\":{\"@type\":\"PropertyValueSpecification\",\"valueRequired\":true,\"valueName\":\"search_term_string\"}}],\"inLanguage\":\"pl-PL\"},{\"@type\":\"Organization\",\"@id\":\"https:\/\/bet1x2.com\/pl\/#organization\",\"name\":\"Bet1x2\",\"url\":\"https:\/\/bet1x2.com\/pl\/\",\"logo\":{\"@type\":\"ImageObject\",\"inLanguage\":\"pl-PL\",\"@id\":\"https:\/\/bet1x2.com\/pl\/#\/schema\/logo\/image\/\",\"url\":\"https:\/\/bet1x2.com\/pl\/wp-content\/uploads\/sites\/3\/2025\/02\/pl.svg\",\"contentUrl\":\"https:\/\/bet1x2.com\/pl\/wp-content\/uploads\/sites\/3\/2025\/02\/pl.svg\",\"caption\":\"Bet1x2\"},\"image\":{\"@id\":\"https:\/\/bet1x2.com\/pl\/#\/schema\/logo\/image\/\"}}]}<\/script>\n<!-- \/ Yoast SEO Premium plugin. -->","yoast_head_json":{"title":"Polityka Plik\u00f3w Cookie \u2013 Bet1x2 2025","description":"Zrozum, czym jest polityka plik\u00f3w cookie i jaki ma wp\u0142yw na Twoje wra\u017cenia z gry. Dowiedz si\u0119 wi\u0119cej z naszego artyku\u0142u i poznaj aktualizacje na rok 2025!","robots":{"index":"index","follow":"follow","max-snippet":"max-snippet:-1","max-image-preview":"max-image-preview:large","max-video-preview":"max-video-preview:-1"},"canonical":"https:\/\/bet1x2.com\/pl\/informacje\/polityka-plikow-cookie\/","og_locale":"pl_PL","og_type":"article","og_title":"Polityka plik\u00f3w cookie","og_description":"Zrozum, czym jest polityka plik\u00f3w cookie i jaki ma wp\u0142yw na Twoje wra\u017cenia z gry. Dowiedz si\u0119 wi\u0119cej z naszego artyku\u0142u i poznaj aktualizacje na rok 2025!","og_url":"https:\/\/bet1x2.com\/pl\/informacje\/polityka-plikow-cookie\/","og_site_name":"Bet1x2","article_modified_time":"2025-02-07T09:40:59+00:00","twitter_card":"summary_large_image","schema":{"@context":"https:\/\/schema.org","@graph":[{"@type":"WebPage","@id":"https:\/\/bet1x2.com\/pl\/informacje\/polityka-plikow-cookie\/","url":"https:\/\/bet1x2.com\/pl\/informacje\/polityka-plikow-cookie\/","name":"Polityka Plik\u00f3w Cookie \u2013 Bet1x2 2025","isPartOf":{"@id":"https:\/\/bet1x2.com\/pl\/#website"},"datePublished":"2025-02-07T09:34:00+00:00","dateModified":"2025-02-07T09:40:59+00:00","description":"Zrozum, czym jest polityka plik\u00f3w cookie i jaki ma wp\u0142yw na Twoje wra\u017cenia z gry. Dowiedz si\u0119 wi\u0119cej z naszego artyku\u0142u i poznaj aktualizacje na rok 2025!","breadcrumb":{"@id":"https:\/\/bet1x2.com\/pl\/informacje\/polityka-plikow-cookie\/#breadcrumb"},"inLanguage":"pl-PL","potentialAction":[{"@type":"ReadAction","target":["https:\/\/bet1x2.com\/pl\/informacje\/polityka-plikow-cookie\/"]}]},{"@type":"BreadcrumbList","@id":"https:\/\/bet1x2.com\/pl\/informacje\/polityka-plikow-cookie\/#breadcrumb","itemListElement":[{"@type":"ListItem","position":1,"name":"Home","item":"https:\/\/bet1x2.com\/pl\/"},{"@type":"ListItem","position":2,"name":"Informacje","item":"https:\/\/bet1x2.com\/pl\/informacje\/"},{"@type":"ListItem","position":3,"name":"Polityka plik\u00f3w cookie"}]},{"@type":"WebSite","@id":"https:\/\/bet1x2.com\/pl\/#website","url":"https:\/\/bet1x2.com\/pl\/","name":"Bet1x2","description":"Bonusy i promocje kasyn online w Polsce","publisher":{"@id":"https:\/\/bet1x2.com\/pl\/#organization"},"potentialAction":[{"@type":"SearchAction","target":{"@type":"EntryPoint","urlTemplate":"https:\/\/bet1x2.com\/pl\/?s={search_term_string}"},"query-input":{"@type":"PropertyValueSpecification","valueRequired":true,"valueName":"search_term_string"}}],"inLanguage":"pl-PL"},{"@type":"Organization","@id":"https:\/\/bet1x2.com\/pl\/#organization","name":"Bet1x2","url":"https:\/\/bet1x2.com\/pl\/","logo":{"@type":"ImageObject","inLanguage":"pl-PL","@id":"https:\/\/bet1x2.com\/pl\/#\/schema\/logo\/image\/","url":"https:\/\/bet1x2.com\/pl\/wp-content\/uploads\/sites\/3\/2025\/02\/pl.svg","contentUrl":"https:\/\/bet1x2.com\/pl\/wp-content\/uploads\/sites\/3\/2025\/02\/pl.svg","caption":"Bet1x2"},"image":{"@id":"https:\/\/bet1x2.com\/pl\/#\/schema\/logo\/image\/"}}]}},"_links":{"self":[{"href":"https:\/\/bet1x2.com\/pl\/wp-json\/wp\/v2\/pages\/1295","targetHints":{"allow":["GET"]}}],"collection":[{"href":"https:\/\/bet1x2.com\/pl\/wp-json\/wp\/v2\/pages"}],"about":[{"href":"https:\/\/bet1x2.com\/pl\/wp-json\/wp\/v2\/types\/page"}],"author":[{"embeddable":true,"href":"https:\/\/bet1x2.com\/pl\/wp-json\/wp\/v2\/users\/1"}],"replies":[{"embeddable":true,"href":"https:\/\/bet1x2.com\/pl\/wp-json\/wp\/v2\/comments?post=1295"}],"version-history":[{"count":0,"href":"https:\/\/bet1x2.com\/pl\/wp-json\/wp\/v2\/pages\/1295\/revisions"}],"up":[{"embeddable":true,"href":"https:\/\/bet1x2.com\/pl\/wp-json\/wp\/v2\/pages\/121"}],"wp:attachment":[{"href":"https:\/\/bet1x2.com\/pl\/wp-json\/wp\/v2\/media?parent=1295"}],"curies":[{"name":"wp","href":"https:\/\/api.w.org\/{rel}","templated":true}]}}