{"id":392,"date":"2025-02-04T09:21:29","date_gmt":"2025-02-04T08:21:29","guid":{"rendered":"https:\/\/bet1x2.com\/pl\/?page_id=392"},"modified":"2025-03-05T19:46:28","modified_gmt":"2025-03-05T18:46:28","slug":"promocje","status":"publish","type":"page","link":"https:\/\/bet1x2.com\/pl\/promocje\/","title":{"rendered":"Promocje"},"content":{"rendered":"\n<h2 class=\"wp-block-heading\">Najlepsze promocje kasyn online dla polskich graczy 2025<\/h2>\n\n\n\n<p>Bet1x2.com to Tw\u00f3j przewodnik po najlepszych ofertach kasynowych w Polsce. Rynek kasyn internetowych dynamicznie si\u0119 rozwija, a polskie kasyna online prze\u015bcigaj\u0105 si\u0119 w pomys\u0142ach na przyci\u0105gni\u0119cie nowych klient\u00f3w.<\/p>\n\n\n\n<p>Najwi\u0119ksz\u0105 zach\u0119t\u0105 dla graczy s\u0105 oczywi\u015bcie atrakcyjne bonusy kasynowe oraz promocje, dzi\u0119ki kt\u00f3rym ju\u017c na starcie mo\u017cesz zdoby\u0107 darmowe spiny lub bonus bez depozytu.<\/p>\n\n\n\n<p>Wiemy jednak, \u017ce w\u015br\u00f3d licznych ofert \u0142atwo si\u0119 pogubi\u0107, dlatego nasz przewodnik po najlepszych promocjach kasyn online 2025 pomo\u017ce Ci wybra\u0107 wy\u0142\u0105cznie sprawdzone i korzystne propozycje.<\/p>\n\n\n\n<p>Przedstawimy Ci promocje, w kt\u00f3rych znajdziesz bonus powitalny, darmowe spiny, bonusy reload, a tak\u017ce ciekawe turnieje oraz promocje w kasynie na \u017cywo.<\/p>\n\n\n\n<p>Z nami podejmiesz \u015bwiadom\u0105 decyzj\u0119, kt\u00f3re kasyno internetowe b\u0119dzie dla Ciebie najlepsze.<\/p>\n\n\n\n<h2 class=\"wp-block-heading\">Bonusy powitalne<\/h2>\n\n\n\n<p>To najcz\u0119\u015bciej spotykane i zwykle najbardziej atrakcyjne promocje, jakie oferuje niemal ka\u017cde kasyno internetowe. Standardowy bonus powitalny obejmuje zazwyczaj dodatkow\u0105 got\u00f3wk\u0119 oraz darmowe spiny, cho\u0107 zdarzaj\u0105 si\u0119 oferty mniej lub bardziej rozbudowane.<\/p>\n\n\n\n<p>\u015awietnym przyk\u0142adem klasycznego bonusu powitalnego jest oferta kasyna online House of Spades. Ka\u017cdy nowy gracz mo\u017ce tu otrzyma\u0107 100% do 2250 z\u0142 oraz 200 darmowych spin\u00f3w. Aby aktywowa\u0107 ten kasyno bonus, wystarczy rejestracja w House of Spades oraz minimalny depozyt w wysoko\u015bci 90 z\u0142.<\/p>\n\n\n\n<p>Inn\u0105 r\u00f3wnie atrakcyjn\u0105 ofert\u0119 powitaln\u0105 znajdziesz w kasynie internetowym DexterBet. Ich promocja obejmuje 100% do 600 euro (lub r\u00f3wnowarto\u015b\u0107 w innej walucie) oraz 100 darmowych spin\u00f3w na slot Big Bass Bonanza. Minimalna wp\u0142ata dla nowych graczy wynosi 10 euro, a warunek obrotu bonusem to 35x.<\/p>\n\n\n\n<h2 class=\"wp-block-heading\">Ekskluzywne oferty<\/h2>\n\n\n\n<p>W odr\u00f3\u017cnieniu od popularnych bonus\u00f3w powitalnych, kt\u00f3re znajdziesz niemal w ka\u017cdym kasynie internetowym, ekskluzywne pakiety bonusowe s\u0105 znacznie rzadsze i trudniejsze do zdobycia.<\/p>\n\n\n\n<p>Ekskluzywne bonusy kasynowe s\u0105 bowiem dost\u0119pne wy\u0142\u0105cznie dla graczy, kt\u00f3rzy trafiaj\u0105 do kasyna online z okre\u015blonych \u017ar\u00f3de\u0142 \u2013 nie ka\u017cdy mo\u017ce po prostu wej\u015b\u0107 na stron\u0119 kasyna i poprosi\u0107 o taki wyj\u0105tkowy kasyno bonus.<\/p>\n\n\n\n<p>W bet1x2.com dok\u0142adamy wszelkich stara\u0144, aby zdobywa\u0107 te unikalne i ekskluzywne promocje, stworzone specjalnie dla nas i naszych czytelnik\u00f3w.<\/p>\n\n\n\n<p>Dzi\u0119ki temu kilka kasyn internetowych przygotowa\u0142o specjalne kampanie promocyjne, dost\u0119pne wy\u0142\u0105cznie dla graczy, kt\u00f3rzy rejestruj\u0105 si\u0119 jako u\u017cytkownicy naszego portalu.<\/p>\n\n\n\n<p>Na naszej stronie znajdziesz ekskluzywny bonus bez depozytu, bonus powitalny, darmowe spiny oraz wiele innych atrakcyjnych ofert.<\/p>\n\n\n\n<p>Zarejestruj si\u0119 w kasynie online za pomoc\u0105 specjalnych link\u00f3w dost\u0119pnych na naszej stronie, aby skorzysta\u0107 z najlepszych promocji!<\/p>\n\n\n\n<h2 class=\"wp-block-heading\">Promocje kasynowe dla graczy VIP<\/h2>\n\n\n\n<p>Ka\u017cde renomowane kasyno internetowe docenia u\u017cytkownik\u00f3w, kt\u00f3rzy preferuj\u0105 gr\u0119 na wysokich stawkach \u2013 takich graczy nazywa si\u0119 high rollerami.<\/p>\n\n\n\n<p>Najlepsze kasyna online natychmiast przyznaj\u0105 im status VIP, oferuj\u0105c korzystniejsze bonusy, dost\u0119p do ekskluzywnych turniej\u00f3w, losowa\u0144 i promocji, a tak\u017ce dedykowanego opiekuna konta oraz najwy\u017cszej jako\u015bci obs\u0142ug\u0119.<\/p>\n\n\n\n<p>Z drugiej strony, nie musisz by\u0107 high rollerem, aby do\u0142\u0105czy\u0107 do klubu VIP i korzysta\u0107 z bonus\u00f3w VIP. Wi\u0119kszo\u015b\u0107 kasyn internetowych umo\u017cliwia wszystkim graczom udzia\u0142 w programie lojalno\u015bciowym, w kt\u00f3rym awansujesz na kolejne poziomy, regularnie wp\u0142acaj\u0105c depozyty i graj\u0105c w gry kasynowe.<\/p>\n\n\n\n<p>Ka\u017cda Twoja aktywno\u015b\u0107 jest nagradzana punktami. Po osi\u0105gni\u0119ciu okre\u015blonego progu awansujesz na wy\u017cszy poziom, a\u017c do najwy\u017cszych poziom\u00f3w VIP.<\/p>\n\n\n\n<p>Przyk\u0142adem takiego kasyna online jest Vulkan Vegas, kt\u00f3re w swoim programie lojalno\u015bciowym przyznaje punkty za postawione zak\u0142ady, a nast\u0119pnie pozwala wymieni\u0107 je na prawdziwe pieni\u0105dze.<\/p>\n\n\n\n<p>Nagrody lojalno\u015bciowe obejmuj\u0105 darmowe spiny, bonusy reload, cashback, a nawet nagrody rzeczowe. Bonusy VIP oferuj\u0105 podobne korzy\u015bci, jednak ich warto\u015b\u0107 jest znacznie wy\u017csza. Dodatkowo programy VIP zapewniaj\u0105 graczom wi\u0119cej prezent\u00f3w, zale\u017cnych od osi\u0105gni\u0119tego statusu.<\/p>\n\n\n\n<p>Zach\u0119camy do zapoznania si\u0119 z indywidualnymi recenzjami kasyn online, aby dowiedzie\u0107 si\u0119 wi\u0119cej o szczeg\u00f3\u0142ach ich program\u00f3w lojalno\u015bciowych i VIP.<\/p>\n\n\n\n<h2 class=\"wp-block-heading\">Promocje ograniczone czasowo<\/h2>\n\n\n\n<p>Wiele promocji oferowanych przez kasyna internetowe jest dost\u0119pnych tylko przez okre\u015blony czas. Czasami musisz odebra\u0107 bonus lub darmowe spiny w wyznaczonym terminie. Mno\u017cniki punkt\u00f3w, losowania czy turnieje mog\u0105 trwa\u0107 zaledwie kilka godzin.<\/p>\n\n\n\n<p>Bez obaw \u2013 z nami nie przegapisz \u017cadnej okazji na zdobycie dodatkowego bonusu lub udzia\u0142 w atrakcyjnym turnieju.<\/p>\n\n\n\n<p>Doskona\u0142ym przyk\u0142adem promocji ograniczonej czasowo jest 100% Reload Bonus w Energy Casino.<\/p>\n\n\n\n<p>W ramach tej promocji, w ka\u017cd\u0105 \u015brod\u0119 Energy Casino podwaja Tw\u00f3j depozyt a\u017c do 250 z\u0142 \u2013 do wykorzystania na wybrane sloty od Evolution.<\/p>\n\n\n\n<p>Wiele ofert ograniczonych czasowo w kasynach online przypisanych jest do konkretnych dni tygodnia, a nawet okre\u015blonych godzin w ci\u0105gu dnia.<\/p>\n\n\n\n<h2 class=\"wp-block-heading\">Oferty sezonowe<\/h2>\n\n\n\n<p>Szybko zauwa\u017cysz, \u017ce kasyna online regularnie przygotowuj\u0105 specjalne promocje zwi\u0105zane z wa\u017cnymi wydarzeniami w kalendarzu.<\/p>\n\n\n\n<p>Nie od dzi\u015b wiadomo, \u017ce w okresie \u015bwi\u0105tecznym kasyna internetowe staj\u0105 si\u0119 wyj\u0105tkowo hojne. Oferty sezonowe to bowiem \u015bwietny spos\u00f3b na przyci\u0105gni\u0119cie nowych graczy, kt\u00f3rzy ch\u0119tniej rejestruj\u0105 konto i dokonuj\u0105 wp\u0142at w okre\u015blonych momentach roku.<\/p>\n\n\n\n<p>Z drugiej strony, sezonowe promocje kasynowe to tak\u017ce powiew \u015bwie\u017co\u015bci dla sta\u0142ych u\u017cytkownik\u00f3w. Wprowadzaj\u0105 one urozmaicenie i zapobiegaj\u0105 monotonii, co jest kluczowe dla zadowolenia wszystkich klient\u00f3w.<\/p>\n\n\n\n<p>Trzymamy r\u0119k\u0119 na pulsie, aby zawsze na czas poinformowa\u0107 Ci\u0119 o nadchodz\u0105cych promocjach w kasynach online!<\/p>\n\n\n\n<p>Z nami nie przegapisz \u017cadnej okazji na zdobycie najlepszego bonusu kasynowego, czy to z okazji Bo\u017cego Narodzenia, Sylwestra, Halloween, Dnia \u015awi\u0119tego Patryka, Wielkanocy czy innego \u015bwi\u0119ta.<\/p>\n\n\n\n<h3 class=\"wp-block-heading\">Promocje kasynowe na Halloween<\/h3>\n\n\n\n<p>Halloween to idealny moment dla kasyn internetowych, aby zaoferowa\u0107 swoim graczom wyj\u0105tkowe, upiorne bonusy.<\/p>\n\n\n\n<p>Zach\u0119camy do zapoznania si\u0119 z naszym artyku\u0142em o promocjach halloweenowych w kasynach online, aby dowiedzie\u0107 si\u0119, jakie bonusy mo\u017cesz zdoby\u0107 z tej okazji!<\/p>\n\n\n\n<h3 class=\"wp-block-heading\">Promocje bo\u017conarodzeniowe<\/h3>\n\n\n\n<p>Gdy zbli\u017caj\u0105 si\u0119 \u015awi\u0119ta Bo\u017cego Narodzenia, kasyna online zaczynaj\u0105 promowa\u0107 specjalne kampanie i bonusy \u015bwi\u0105teczne.<\/p>\n\n\n\n<p>Najlepsze kasyna internetowe oferuj\u0105 ca\u0142e kalendarze \u015bwi\u0105tecznych promocji, kt\u00f3re zawieraj\u0105 bonusy znacznie atrakcyjniejsze ni\u017c standardowe oferty!<\/p>\n\n\n\n<p>Sprawd\u017a nasz artyku\u0142, aby zobaczy\u0107 list\u0119 kasyn online, kt\u00f3re oferuj\u0105 najlepsze \u015bwi\u0105teczne promocje.<\/p>\n\n\n\n<p>Niezale\u017cnie od tego, czy jeste\u015b nowym graczem, czy sta\u0142ym u\u017cytkownikiem, w tym sezonie na pewno znajdziesz co\u015b dla siebie.<\/p>\n\n\n\n<h3 class=\"wp-block-heading\">Promocje Walentynkowe<\/h3>\n\n\n\n<p>Ka\u017cda okazja jest dobra, aby zaoferowa\u0107 graczom bonus kasynowy, a Walentynki s\u0105 jedn\u0105 z nich.<\/p>\n\n\n\n<p>Wiele najlepszych kasyn online w Polsce organizuje specjalne promocje kasynowe w tygodniach poprzedzaj\u0105cych 14 lutego, a my na bie\u017c\u0105co informujemy Ci\u0119 o najciekawszych ofertach.<\/p>\n\n\n\n<p>W wi\u0119kszo\u015bci przypadk\u00f3w wystarczy rejestracja konta i niewielka wp\u0142ata, aby skorzysta\u0107 z promocji.<\/p>\n\n\n\n<p>Do wyboru masz bonusy powitalne, darmowe spiny, turnieje, losowania nagr\u00f3d i wiele innych atrakcji!<\/p>\n\n\n\n<p><strong>Regularnie odwiedzaj Bet1x2.com \u2013 aktualizujemy bonusy natychmiast po ich pojawieniu si\u0119, a nasze recenzje kasyn online s\u0105 stale uzupe\u0142niane o najnowsze promocje.<\/strong><\/p>\n","protected":false},"excerpt":{"rendered":"<p>Najlepsze promocje kasyn online dla polskich graczy 2025 Bet1x2.com to Tw\u00f3j przewodnik po najlepszych ofertach kasynowych w Polsce. Rynek kasyn internetowych dynamicznie si\u0119 rozwija, a polskie kasyna online prze\u015bcigaj\u0105 si\u0119 w pomys\u0142ach na przyci\u0105gni\u0119cie nowych klient\u00f3w. Najwi\u0119ksz\u0105 zach\u0119t\u0105 dla graczy s\u0105 oczywi\u015bcie atrakcyjne bonusy kasynowe oraz promocje, dzi\u0119ki kt\u00f3rym ju\u017c na starcie mo\u017cesz zdoby\u0107 darmowe &#8230; <a title=\"Promocje\" class=\"read-more\" href=\"https:\/\/bet1x2.com\/pl\/promocje\/\" aria-label=\"Dowiedz si\u0119 wi\u0119cej o Promocje\">Czytaj dalej<\/a><\/p>\n","protected":false},"author":1,"featured_media":0,"parent":0,"menu_order":0,"comment_status":"closed","ping_status":"closed","template":"","meta":{"footnotes":""},"class_list":["post-392","page","type-page","status-publish"],"yoast_head":"<!-- This site is optimized with the Yoast SEO Premium plugin v24.8 (Yoast SEO v27.2) - https:\/\/yoast.com\/product\/yoast-seo-premium-wordpress\/ -->\n<title>Odkryj Najlepsze Promocje Kasyn Online dla Polskich Graczy 2025!<\/title>\n<meta name=\"description\" content=\"Z nami nie przegapisz \u017cadnej promocji w kasynie internetowym \u2013 odbierz darmowe spiny, bonus powitalny, bonus bez depozytu i inne atrakcyjne oferty!\" \/>\n<meta name=\"robots\" content=\"index, follow, max-snippet:-1, max-image-preview:large, max-video-preview:-1\" \/>\n<link rel=\"canonical\" href=\"https:\/\/bet1x2.com\/pl\/promocje\/\" \/>\n<meta property=\"og:locale\" content=\"pl_PL\" \/>\n<meta property=\"og:type\" content=\"article\" \/>\n<meta property=\"og:title\" content=\"Promocje\" \/>\n<meta property=\"og:description\" content=\"Z nami nie przegapisz \u017cadnej promocji w kasynie internetowym \u2013 odbierz darmowe spiny, bonus powitalny, bonus bez depozytu i inne atrakcyjne oferty!\" \/>\n<meta property=\"og:url\" content=\"https:\/\/bet1x2.com\/pl\/promocje\/\" \/>\n<meta property=\"og:site_name\" content=\"Bet1x2\" \/>\n<meta property=\"article:modified_time\" content=\"2025-03-05T18:46:28+00:00\" \/>\n<meta name=\"twitter:card\" content=\"summary_large_image\" \/>\n<meta name=\"twitter:label1\" content=\"Szacowany czas czytania\" \/>\n\t<meta name=\"twitter:data1\" content=\"6 minut\" \/>\n<script type=\"application\/ld+json\" class=\"yoast-schema-graph\">{\"@context\":\"https:\/\/schema.org\",\"@graph\":[{\"@type\":\"WebPage\",\"@id\":\"https:\/\/bet1x2.com\/pl\/promocje\/\",\"url\":\"https:\/\/bet1x2.com\/pl\/promocje\/\",\"name\":\"Odkryj Najlepsze Promocje Kasyn Online dla Polskich Graczy 2025!\",\"isPartOf\":{\"@id\":\"https:\/\/bet1x2.com\/pl\/#website\"},\"datePublished\":\"2025-02-04T08:21:29+00:00\",\"dateModified\":\"2025-03-05T18:46:28+00:00\",\"description\":\"Z nami nie przegapisz \u017cadnej promocji w kasynie internetowym \u2013 odbierz darmowe spiny, bonus powitalny, bonus bez depozytu i inne atrakcyjne oferty!\",\"breadcrumb\":{\"@id\":\"https:\/\/bet1x2.com\/pl\/promocje\/#breadcrumb\"},\"inLanguage\":\"pl-PL\",\"potentialAction\":[{\"@type\":\"ReadAction\",\"target\":[\"https:\/\/bet1x2.com\/pl\/promocje\/\"]}]},{\"@type\":\"BreadcrumbList\",\"@id\":\"https:\/\/bet1x2.com\/pl\/promocje\/#breadcrumb\",\"itemListElement\":[{\"@type\":\"ListItem\",\"position\":1,\"name\":\"Home\",\"item\":\"https:\/\/bet1x2.com\/pl\/\"},{\"@type\":\"ListItem\",\"position\":2,\"name\":\"Promocje\"}]},{\"@type\":\"WebSite\",\"@id\":\"https:\/\/bet1x2.com\/pl\/#website\",\"url\":\"https:\/\/bet1x2.com\/pl\/\",\"name\":\"Bet1x2\",\"description\":\"Bonusy i promocje kasyn online w Polsce\",\"publisher\":{\"@id\":\"https:\/\/bet1x2.com\/pl\/#organization\"},\"potentialAction\":[{\"@type\":\"SearchAction\",\"target\":{\"@type\":\"EntryPoint\",\"urlTemplate\":\"https:\/\/bet1x2.com\/pl\/?s={search_term_string}\"},\"query-input\":{\"@type\":\"PropertyValueSpecification\",\"valueRequired\":true,\"valueName\":\"search_term_string\"}}],\"inLanguage\":\"pl-PL\"},{\"@type\":\"Organization\",\"@id\":\"https:\/\/bet1x2.com\/pl\/#organization\",\"name\":\"Bet1x2\",\"url\":\"https:\/\/bet1x2.com\/pl\/\",\"logo\":{\"@type\":\"ImageObject\",\"inLanguage\":\"pl-PL\",\"@id\":\"https:\/\/bet1x2.com\/pl\/#\/schema\/logo\/image\/\",\"url\":\"https:\/\/bet1x2.com\/pl\/wp-content\/uploads\/sites\/3\/2025\/02\/pl.svg\",\"contentUrl\":\"https:\/\/bet1x2.com\/pl\/wp-content\/uploads\/sites\/3\/2025\/02\/pl.svg\",\"caption\":\"Bet1x2\"},\"image\":{\"@id\":\"https:\/\/bet1x2.com\/pl\/#\/schema\/logo\/image\/\"}}]}<\/script>\n<!-- \/ Yoast SEO Premium plugin. -->","yoast_head_json":{"title":"Odkryj Najlepsze Promocje Kasyn Online dla Polskich Graczy 2025!","description":"Z nami nie przegapisz \u017cadnej promocji w kasynie internetowym \u2013 odbierz darmowe spiny, bonus powitalny, bonus bez depozytu i inne atrakcyjne oferty!","robots":{"index":"index","follow":"follow","max-snippet":"max-snippet:-1","max-image-preview":"max-image-preview:large","max-video-preview":"max-video-preview:-1"},"canonical":"https:\/\/bet1x2.com\/pl\/promocje\/","og_locale":"pl_PL","og_type":"article","og_title":"Promocje","og_description":"Z nami nie przegapisz \u017cadnej promocji w kasynie internetowym \u2013 odbierz darmowe spiny, bonus powitalny, bonus bez depozytu i inne atrakcyjne oferty!","og_url":"https:\/\/bet1x2.com\/pl\/promocje\/","og_site_name":"Bet1x2","article_modified_time":"2025-03-05T18:46:28+00:00","twitter_card":"summary_large_image","twitter_misc":{"Szacowany czas czytania":"6 minut"},"schema":{"@context":"https:\/\/schema.org","@graph":[{"@type":"WebPage","@id":"https:\/\/bet1x2.com\/pl\/promocje\/","url":"https:\/\/bet1x2.com\/pl\/promocje\/","name":"Odkryj Najlepsze Promocje Kasyn Online dla Polskich Graczy 2025!","isPartOf":{"@id":"https:\/\/bet1x2.com\/pl\/#website"},"datePublished":"2025-02-04T08:21:29+00:00","dateModified":"2025-03-05T18:46:28+00:00","description":"Z nami nie przegapisz \u017cadnej promocji w kasynie internetowym \u2013 odbierz darmowe spiny, bonus powitalny, bonus bez depozytu i inne atrakcyjne oferty!","breadcrumb":{"@id":"https:\/\/bet1x2.com\/pl\/promocje\/#breadcrumb"},"inLanguage":"pl-PL","potentialAction":[{"@type":"ReadAction","target":["https:\/\/bet1x2.com\/pl\/promocje\/"]}]},{"@type":"BreadcrumbList","@id":"https:\/\/bet1x2.com\/pl\/promocje\/#breadcrumb","itemListElement":[{"@type":"ListItem","position":1,"name":"Home","item":"https:\/\/bet1x2.com\/pl\/"},{"@type":"ListItem","position":2,"name":"Promocje"}]},{"@type":"WebSite","@id":"https:\/\/bet1x2.com\/pl\/#website","url":"https:\/\/bet1x2.com\/pl\/","name":"Bet1x2","description":"Bonusy i promocje kasyn online w Polsce","publisher":{"@id":"https:\/\/bet1x2.com\/pl\/#organization"},"potentialAction":[{"@type":"SearchAction","target":{"@type":"EntryPoint","urlTemplate":"https:\/\/bet1x2.com\/pl\/?s={search_term_string}"},"query-input":{"@type":"PropertyValueSpecification","valueRequired":true,"valueName":"search_term_string"}}],"inLanguage":"pl-PL"},{"@type":"Organization","@id":"https:\/\/bet1x2.com\/pl\/#organization","name":"Bet1x2","url":"https:\/\/bet1x2.com\/pl\/","logo":{"@type":"ImageObject","inLanguage":"pl-PL","@id":"https:\/\/bet1x2.com\/pl\/#\/schema\/logo\/image\/","url":"https:\/\/bet1x2.com\/pl\/wp-content\/uploads\/sites\/3\/2025\/02\/pl.svg","contentUrl":"https:\/\/bet1x2.com\/pl\/wp-content\/uploads\/sites\/3\/2025\/02\/pl.svg","caption":"Bet1x2"},"image":{"@id":"https:\/\/bet1x2.com\/pl\/#\/schema\/logo\/image\/"}}]}},"_links":{"self":[{"href":"https:\/\/bet1x2.com\/pl\/wp-json\/wp\/v2\/pages\/392","targetHints":{"allow":["GET"]}}],"collection":[{"href":"https:\/\/bet1x2.com\/pl\/wp-json\/wp\/v2\/pages"}],"about":[{"href":"https:\/\/bet1x2.com\/pl\/wp-json\/wp\/v2\/types\/page"}],"author":[{"embeddable":true,"href":"https:\/\/bet1x2.com\/pl\/wp-json\/wp\/v2\/users\/1"}],"replies":[{"embeddable":true,"href":"https:\/\/bet1x2.com\/pl\/wp-json\/wp\/v2\/comments?post=392"}],"version-history":[{"count":7,"href":"https:\/\/bet1x2.com\/pl\/wp-json\/wp\/v2\/pages\/392\/revisions"}],"predecessor-version":[{"id":3735,"href":"https:\/\/bet1x2.com\/pl\/wp-json\/wp\/v2\/pages\/392\/revisions\/3735"}],"wp:attachment":[{"href":"https:\/\/bet1x2.com\/pl\/wp-json\/wp\/v2\/media?parent=392"}],"curies":[{"name":"wp","href":"https:\/\/api.w.org\/{rel}","templated":true}]}}