{"id":66,"date":"2025-02-03T17:32:07","date_gmt":"2025-02-03T16:32:07","guid":{"rendered":"https:\/\/bet1x2.com\/pl\/?page_id=66"},"modified":"2025-02-21T11:10:51","modified_gmt":"2025-02-21T10:10:51","slug":"nowe-kasyna","status":"publish","type":"page","link":"https:\/\/bet1x2.com\/pl\/kasyna\/nowe-kasyna\/","title":{"rendered":"Nowe kasyna"},"content":{"rendered":"\n<h2 class=\"wp-block-heading\">Nowe kasyna internetowe \u2013 kluczowe cechy<\/h2>\n\n\n\n<p>Co chwila na rynku pojawiaj\u0105 si\u0119 nowe kasyna online, kt\u00f3re staraj\u0105 si\u0119 wyr\u00f3\u017cni\u0107 w\u015br\u00f3d konkurencji innowacyjnymi pomys\u0142ami. Z drugiej strony, zaufanie mo\u017cna pok\u0142ada\u0107 w uznanych markach, kt\u00f3re s\u0105 obecne na rynku od lat.<\/p>\n\n\n\n<p>Czy zatem warto spr\u00f3bowa\u0107 nowego kasyna online, czy lepiej pozosta\u0107 przy sprawdzonych opcjach? Nasza odpowied\u017a brzmi: eksperymentowanie z nowymi kasynami to zawsze dobry pomys\u0142! Jest to \u015bwietna okazja, by odkry\u0107 nowe automaty, cieszy\u0107 si\u0119 \u015bwie\u017cymi do\u015bwiadczeniami i sprawdzi\u0107, czy dane kasyno obdarza graczy atrakcyjnymi wygranymi.<\/p>\n\n\n\n<p>Nie zapominaj, \u017ce rejestracja w nowym kasynie wi\u0105\u017ce si\u0119 z wieloma korzy\u015bciami, a jedn\u0105 z najpopularniejszych jest bonus powitalny, kt\u00f3ry mo\u017ce przyjmowa\u0107 form\u0119 got\u00f3wki lub darmowych spin\u00f3w. Warto r\u00f3wnie\u017c zwr\u00f3ci\u0107 uwag\u0119 na nowe kasyna oferuj\u0105ce bonusy bez depozytu \u2013 mog\u0105 to by\u0107 interesuj\u0105ce oferty.<\/p>\n\n\n\n<p>Kluczowym atutem, kt\u00f3ry nowe marki mog\u0105 zapewni\u0107, jest ich status jako bezpieczne kasyna online. Na szcz\u0119\u015bcie w Bet1x2 wiemy, na co zwraca\u0107 uwag\u0119, aby nowi gracze czuli si\u0119 komfortowo i bezpiecznie w \u015bwiecie gier online!<\/p>\n\n\n\n<h2 class=\"wp-block-heading\">Najlepsze nowe kasyna online w Polsce w 2025 roku<\/h2>\n\n\n\n<p>Poni\u017cej przedstawiamy najbardziej interesuj\u0105ce nowo otwarte kasyna online, kt\u00f3re s\u0105 dost\u0119pne dla graczy z Polski:<\/p>\n\n\n\n<div class=\"gb-query-6f36aa5e\"><div class=\"gb-looper-aeb9ac2c\">\n<div class=\"gb-loop-item post-3955 casino type-casino status-publish hentry\">\n<div class=\"gb-element-d08f9672\">\n<div class=\"gb-element-e1b6b63b\">\n<span class=\"gb-text gb-text-9fb7389c\">1<\/span>\n\n\n\n<h3 class=\"gb-text title gb-text-9cd9fbbb\"><a href=\"https:\/\/bet1x2.com\/pl\/?p=3955\">Slota Casino<\/a><\/h3>\n<\/div>\n\n\n<\/div>\n\n\n<a href=\"https:\/\/slota.casino\/pl\"><img decoding=\"async\" src=\"\" class=\"dynamic-meta-image\" alt=\"\" width=\"\" height=\"\" \/><\/a><\/div>\n\n<div class=\"gb-loop-item post-3956 casino type-casino status-publish hentry\">\n<div class=\"gb-element-d08f9672\">\n<div class=\"gb-element-e1b6b63b\">\n<span class=\"gb-text gb-text-9fb7389c\">2<\/span>\n\n\n\n<h3 class=\"gb-text title gb-text-9cd9fbbb\"><a href=\"https:\/\/bet1x2.com\/pl\/?p=3956\">Capospin<\/a><\/h3>\n<\/div>\n\n\n<\/div>\n\n\n<a href=\"https:\/\/capospin.com\/pl\"><img decoding=\"async\" src=\"\" class=\"dynamic-meta-image\" alt=\"\" width=\"\" height=\"\" \/><\/a><\/div>\n\n<div class=\"gb-loop-item post-3953 casino type-casino status-publish hentry\">\n<div class=\"gb-element-d08f9672\">\n<div class=\"gb-element-e1b6b63b\">\n<span class=\"gb-text gb-text-9fb7389c\">3<\/span>\n\n\n\n<h3 class=\"gb-text title gb-text-9cd9fbbb\"><a href=\"https:\/\/bet1x2.com\/pl\/?p=3953\">AllySpin<\/a><\/h3>\n<\/div>\n\n\n<\/div>\n\n\n<a href=\"https:\/\/allyspin.com\/pl\"><img decoding=\"async\" src=\"\" class=\"dynamic-meta-image\" alt=\"\" width=\"\" height=\"\" \/><\/a><\/div>\n\n<div class=\"gb-loop-item post-3381 casino type-casino status-publish has-post-thumbnail hentry\">\n<div class=\"gb-element-d08f9672\">\n<div class=\"gb-element-e1b6b63b\">\n<span class=\"gb-text gb-text-9fb7389c\">4<\/span>\n\n\n\n<h3 class=\"gb-text title gb-text-9cd9fbbb\"><a href=\"https:\/\/bet1x2.com\/pl\/?p=3381\">Casinolo<\/a><\/h3>\n<\/div>\n\n\n<\/div>\n\n\n<a href=\"https:\/\/casinolo.com\/pl\/\"><img loading=\"lazy\" decoding=\"async\" width=\"1920\" height=\"1080\" src=\"https:\/\/bet1x2.com\/pl\/wp-content\/uploads\/sites\/3\/2025\/02\/casinolo-dt-pl.jpg\" class=\"dynamic-meta-image\" alt=\"\" srcset=\"https:\/\/bet1x2.com\/pl\/wp-content\/uploads\/sites\/3\/2025\/02\/casinolo-dt-pl.jpg 1920w, https:\/\/bet1x2.com\/pl\/wp-content\/uploads\/sites\/3\/2025\/02\/casinolo-dt-pl-300x169.jpg 300w, https:\/\/bet1x2.com\/pl\/wp-content\/uploads\/sites\/3\/2025\/02\/casinolo-dt-pl-1024x576.jpg 1024w, https:\/\/bet1x2.com\/pl\/wp-content\/uploads\/sites\/3\/2025\/02\/casinolo-dt-pl-768x432.jpg 768w, https:\/\/bet1x2.com\/pl\/wp-content\/uploads\/sites\/3\/2025\/02\/casinolo-dt-pl-1536x864.jpg 1536w\" sizes=\"auto, (max-width: 1920px) 100vw, 1920px\" \/><\/a><\/div>\n\n<div class=\"gb-loop-item post-3385 casino type-casino status-publish has-post-thumbnail hentry\">\n<div class=\"gb-element-d08f9672\">\n<div class=\"gb-element-e1b6b63b\">\n<span class=\"gb-text gb-text-9fb7389c\">5<\/span>\n\n\n\n<h3 class=\"gb-text title gb-text-9cd9fbbb\"><a href=\"https:\/\/bet1x2.com\/pl\/?p=3385\">1Bet<\/a><\/h3>\n<\/div>\n\n\n<\/div>\n\n\n<a href=\"https:\/\/1bet100.com\/pl\"><img decoding=\"async\" src=\"\" class=\"dynamic-meta-image\" alt=\"\" width=\"\" height=\"\" \/><\/a><\/div>\n<\/div><\/div>\n\n\n\n<h2 class=\"gb-text\">Nowe kasyna czy renomowane marki \u2013 co wybra\u0107?<\/h2>\n\n\n\n<p>Jak ju\u017c wspomnieli\u015bmy, wyb\u00f3r nowego kasyna online nie jest tak prosty, jak mog\u0142oby si\u0119 wydawa\u0107. Zanim podejmiesz decyzj\u0119 o do\u0142\u0105czeniu do konkretnego kasyna, warto rozwa\u017cy\u0107 kilka istotnych kwestii.<\/p>\n\n\n\n<p>Aby u\u0142atwi\u0107 Ci podj\u0119cie decyzji, przygotowali\u015bmy zestawienie zalet i wad nowych kasyn z 2025 roku w por\u00f3wnaniu do uznanych, starszych marek.<\/p>\n\n\n\n<p>Sprawd\u017a to i dowiedz si\u0119, co najlepiej odpowiada Twoim potrzebom!<\/p>\n\n\n\n<h3 class=\"wp-block-heading\">Jak wybra\u0107 nowe kasyno?<\/h3>\n\n\n\n<p>Istnieje kilka kluczowych czynnik\u00f3w, kt\u00f3re warto rozwa\u017cy\u0107 przed rejestracj\u0105:<\/p>\n\n\n\n<ul class=\"wp-block-list\">\n<li>Licencja: Upewnij si\u0119, \u017ce nowe kasyno, do kt\u00f3rego zamierzasz do\u0142\u0105czy\u0107, posiada licencj\u0119 od Malta Gaming Authority lub innej uznawanej instytucji zajmuj\u0105cej si\u0119 regulacj\u0105 gier hazardowych.<\/li>\n\n\n\n<li>Dostawcy gier: Licencjonowane kasyna oferuj\u0105 gry tylko od renomowanych dostawc\u00f3w, co gwarantuje uczciwe i losowe rozgrywki.<\/li>\n\n\n\n<li>Bonusy i promocje: Sprawd\u017a, jakie bonusy i ich warunki s\u0105 oferowane przez dane kasyno. Czasami atrakcyjne bonusy mog\u0105 wi\u0105za\u0107 si\u0119 z niekorzystnymi warunkami obrotu, co utrudni Ci ich realizacj\u0119.<\/li>\n\n\n\n<li>Wyb\u00f3r gier: Koniecznie zapoznaj si\u0119 z lobby gier, zanim dokonasz wyboru. Nic nie jest gorsze ni\u017c do\u0142\u0105czenie do kasyna online, kt\u00f3re nie oferuje Twoich ulubionych gier!<\/li>\n\n\n\n<li>Klub VIP: Je\u015bli interesuje Ci\u0119 program lojalno\u015bciowy, upewnij si\u0119, \u017ce wybrane kasyno posiada klub VIP, kt\u00f3ry oferuje dodatkowe przywileje, jak ekskluzywne bonusy czy zwi\u0119kszone limity wyp\u0142at.<\/li>\n\n\n\n<li>\u0141atwo\u015b\u0107 rejestracji: Nowe kasyna d\u0105\u017c\u0105 do uproszczenia procesu zakupu konta. Sprawd\u017a, czy rejestracja jest prosta i nie wymaga wype\u0142niania wielu formularzy.<\/li>\n\n\n\n<li>\u0141atwo\u015b\u0107 rejestracji: Nowe kasyna d\u0105\u017c\u0105 do uproszczenia procesu zakupu konta. Sprawd\u017a, czy rejestracja jest prosta i nie wymaga wype\u0142niania wielu formularzy.<\/li>\n\n\n\n<li>Obs\u0142uga klienta: Nawet je\u015bli obywa si\u0119 bez problem\u00f3w, warto upewni\u0107 si\u0119, \u017ce w razie potrzeby mo\u017cna \u0142atwo uzyska\u0107 profesjonaln\u0105 pomoc.<\/li>\n<\/ul>\n\n\n\n<h2 class=\"wp-block-heading\">Nowe trendy i funkcje kasyn w 2025 roku<\/h2>\n\n\n\n<p>\u015awiat hazardu online ci\u0105gle si\u0119 zmienia, wi\u0119c czemu nie spr\u00f3bowa\u0107 czego\u015b nowego? Mo\u017ce nowe kasyno, kt\u00f3re rozwa\u017casz, ma co\u015b wyj\u0105tkowego, czego nie znajdziesz na innych platformach.<\/p>\n\n\n\n<p>Nowe kasyna online chc\u0105 si\u0119 wyr\u00f3\u017cnia\u0107, dlatego wprowadzaj\u0105 nowe trendy i funkcje, aby przyci\u0105gn\u0105\u0107 nowych graczy i umili\u0107 zabaw\u0119 obecnym. Stare, sprawdzone rozwi\u0105zania r\u00f3wnie\u017c s\u0105 wci\u0105\u017c popularne, dlatego co jaki\u015b czas pojawiaj\u0105 si\u0119 nowe kasyna bez depozytu.<\/p>\n\n\n\n<p>Poni\u017cej przyjrzeli\u015bmy si\u0119 najpopularniejszym trendom w kasynach.<\/p>\n\n\n\n<h3 class=\"wp-block-heading\">Prosty proces weryfikacji<\/h3>\n\n\n\n<p>Jednym z nowych trend\u00f3w w kasynach online jest prosty proces weryfikacji. W niekt\u00f3rych kasynach gracze musz\u0105 przej\u015b\u0107 skomplikowan\u0105 weryfikacj\u0119, kt\u00f3ra wymaga r\u00f3\u017cnych dokument\u00f3w, jak potwierdzenie adresu, zdj\u0119cie czy kopia dowodu to\u017csamo\u015bci.<\/p>\n\n\n\n<p>Gracze wol\u0105 szybki proces rejestracji, kt\u00f3ry zajmuje tylko kilka sekund lub minut. Aby sprosta\u0107 tym oczekiwaniom, coraz wi\u0119cej kasyn potrzebuje tylko adresu e-mail lub numeru telefonu do weryfikacji konta.<\/p>\n\n\n\n<p>Przyk\u0142adem jest Casinoin \u2013 nowe kasyno, kt\u00f3re oferuje bardzo prost\u0105 rejestracj\u0119. Wystarczy wybra\u0107, czy chcesz potwierdzi\u0107 konto przez e-mail, czy numer telefonu. I to wszystko!<\/p>\n\n\n\n<p>Tutaj gracze mog\u0105 wp\u0142aca\u0107 i wyp\u0142aca\u0107 pieni\u0105dze za pomoc\u0105 Bitcoina, a nawet otrzyma\u0107 bonus w mBTC!<\/p>\n\n\n\n<h3 class=\"wp-block-heading\">Kasyna mobilne<\/h3>\n\n\n\n<p>Operatorzy kasyn wiedz\u0105, \u017ce maj\u0105c dobr\u0105 wersj\u0119 mobiln\u0105, mog\u0105 odnie\u015b\u0107 sukces na rynku. Wi\u0119kszo\u015b\u0107 nowych kasyn online ma ju\u017c w pe\u0142ni dzia\u0142aj\u0105c\u0105 wersj\u0119 mobiln\u0105 swojej strony, kt\u00f3r\u0105 \u0142atwo mo\u017cna u\u017cywa\u0107 na smartfonach i tabletach.<\/p>\n\n\n\n<p>Niezale\u017cnie od tego, czy chcesz gra\u0107 w ruletk\u0119 na \u015bwie\u017cym powietrzu, czy kr\u0119ci\u0107 na automatach w parku, kasyna mobilne daj\u0105 Ci pe\u0142n\u0105 swobod\u0119. B\u0119dziesz mia\u0142 tak\u017ce dost\u0119p do swojego konta gracza i bonus\u00f3w, gdziekolwiek jeste\u015b.<\/p>\n\n\n\n<h3 class=\"wp-block-heading\">Emocje w kasynie na \u017cywo<\/h3>\n\n\n\n<p>Dzi\u0119ki nowoczesnej technologii, kasyna online pozwalaj\u0105 gra\u0107 w prawdziwych grach z \u017cywymi krupierami. Nie musisz niczego pobiera\u0107 \u2013 wystarczy, \u017ce otworzysz gr\u0119 w sekcji na \u017cywo, a poczujesz si\u0119 jak w prawdziwym kasynie.<\/p>\n\n\n\n<p>Krupierzy to profesjonali\u015bci, kt\u00f3rzy potrafi\u0105 zapewni\u0107 \u015bwietn\u0105 zabaw\u0119 i zaanga\u017cowa\u0107 Ci\u0119 w gr\u0119! Jest wiele gier do wyboru, w tym r\u00f3\u017cne wersje ruletki, blackjacka i pokera. Mo\u017cesz te\u017c spr\u00f3bowa\u0107 swoich si\u0142 w teleturniejach, takich jak Dream Catcher czy Monopoly.<\/p>\n\n\n\n<p>Je\u015bli lubisz gra\u0107 na wysokie stawki i chcesz poczu\u0107 dreszczyk emocji z gr\u0105 z krupierem, sekcja kasyna na \u017cywo jest idealna dla Ciebie.<\/p>\n\n\n\n<h3 class=\"wp-block-heading\">Du\u017co darmowych spin\u00f3w<\/h3>\n\n\n\n<p>Nowe kasyna cz\u0119sto dodaj\u0105 darmowe spiny do pakietu powitalnego. Mo\u017cna je u\u017cywa\u0107 na popularnych automatach, takich jak Starburst czy Book of Dead. W zale\u017cno\u015bci od kasyna, darmowe spiny mog\u0105 by\u0107 przyznawane od razu po wp\u0142acie lub podzielone na mniejsze grupy i dawane w r\u00f3\u017cne dni, co pozwala na d\u0142u\u017csz\u0105 zabaw\u0119.<\/p>\n\n\n\n<p>Casombie, GGBet i 5Gringos to tylko kilka z nowych kasyn, kt\u00f3re oferuj\u0105 graczom du\u017co darmowych spin\u00f3w na pocz\u0105tek.<\/p>\n\n\n\n<h3 class=\"wp-block-heading\">\u015awietne, atrakcyjne motywy<\/h3>\n\n\n\n<p>Nowe kasyna mog\u0105 by\u0107 ciekawe!<\/p>\n\n\n\n<p>Marki rywalizuj\u0105, aby oferowa\u0107 coraz bardziej oryginalne i zabawne tematy \u2013 wszystko po to, by zapewni\u0107 graczom lepsz\u0105 zabaw\u0119.<\/p>\n\n\n\n<p>Przyk\u0142adem jest tajemnicze kasyno Talismania, kt\u00f3re zadebiutowa\u0142o w 2025 roku, oraz weso\u0142e kasyno Lama Bet z tego samego roku.<\/p>\n\n\n\n<p>Jest wiele opcji, wi\u0119c na pewno znajdziesz co\u015b, co sprawi, \u017ce si\u0119 u\u015bmiechniesz.<\/p>\n\n\n\n<h2 class=\"wp-block-heading\">Co lubimy w nowych kasynach online<\/h2>\n\n\n\n<p>Nowe kasyna online ci\u0105gle nas zaskakuj\u0105 nowymi funkcjami i trendami. Tw\u00f3rcy musz\u0105 by\u0107 bardzo kreatywni, aby wyr\u00f3\u017cni\u0107 si\u0119 spo\u015br\u00f3d innych kasyn i przyci\u0105gn\u0105\u0107 graczy.<\/p>\n\n\n\n<p>My uwielbiamy testowa\u0107 nowe, pe\u0142ne \u017cycia kasyna internetowe!<\/p>\n\n\n\n<p>Wi\u0119kszo\u015b\u0107 nowych kasyn online ma \u015bwietny design strony, kt\u00f3ra wygl\u0105da fantastycznie i jest \u0142atwa w obs\u0142udze.<\/p>\n\n\n\n<p>Oczywi\u015bcie, najwa\u017cniejsze s\u0105 gry. Wiele z tych kasyn od razu oferuje du\u017c\u0105 wyb\u00f3r popularnych tytu\u0142\u00f3w. Mo\u017cesz gra\u0107 w najnowsze automaty, gry sto\u0142owe z krupierem na \u017cywo i inne.<\/p>\n\n\n\n<p>Nie mo\u017cna zapomnie\u0107 o atrakcyjnych bonusach, kt\u00f3re s\u0105 du\u017cym plusem.<\/p>\n\n\n\n<p>W tym artykule skupili\u015bmy si\u0119 na nowych kasynach online, kt\u00f3re niedawno otworzy\u0142y si\u0119 dla graczy w Polsce.<\/p>\n\n\n\n<p>Pami\u0119taj, \u017ce nowe kasyno dla Ciebie to ka\u017cde nowe polskie kasyno online, w kt\u00f3rym jeszcze nie masz konta.<\/p>\n\n\n\n<p>Je\u015bli interesuj\u0105 Ci\u0119 starsze, znane marki, sprawd\u017a nasz\u0105 kolekcj\u0119 recenzji, aby znale\u017a\u0107 co\u015b dla siebie.<\/p>\n","protected":false},"excerpt":{"rendered":"<p>Nowe kasyna internetowe \u2013 kluczowe cechy Co chwila na rynku pojawiaj\u0105 si\u0119 nowe kasyna online, kt\u00f3re staraj\u0105 si\u0119 wyr\u00f3\u017cni\u0107 w\u015br\u00f3d konkurencji innowacyjnymi pomys\u0142ami. Z drugiej strony, zaufanie mo\u017cna pok\u0142ada\u0107 w uznanych markach, kt\u00f3re s\u0105 obecne na rynku od lat. Czy zatem warto spr\u00f3bowa\u0107 nowego kasyna online, czy lepiej pozosta\u0107 przy sprawdzonych opcjach? Nasza odpowied\u017a brzmi: &#8230; <a title=\"Nowe kasyna\" class=\"read-more\" href=\"https:\/\/bet1x2.com\/pl\/kasyna\/nowe-kasyna\/\" aria-label=\"Dowiedz si\u0119 wi\u0119cej o Nowe kasyna\">Czytaj dalej<\/a><\/p>\n","protected":false},"author":1,"featured_media":0,"parent":2,"menu_order":0,"comment_status":"closed","ping_status":"closed","template":"","meta":{"footnotes":""},"class_list":["post-66","page","type-page","status-publish"],"yoast_head":"<!-- This site is optimized with the Yoast SEO Premium plugin v24.8 (Yoast SEO v27.2) - https:\/\/yoast.com\/product\/yoast-seo-premium-wordpress\/ -->\n<title>Odkryj Nowe Kasyna Dla Graczy z Polski w 2025 Roku!<\/title>\n<meta name=\"description\" content=\"Przeczytaj ten artyku\u0142, aby pozna\u0107 wszystkie szczeg\u00f3\u0142y dotycz\u0105ce nowych kasyn online dost\u0119pnych dla graczy z Polski! Znajdziesz tu wszystkie istotne informacje.\" \/>\n<meta name=\"robots\" content=\"index, follow, max-snippet:-1, max-image-preview:large, max-video-preview:-1\" \/>\n<link rel=\"canonical\" href=\"https:\/\/bet1x2.com\/pl\/kasyna\/nowe-kasyna\/\" \/>\n<meta property=\"og:locale\" content=\"pl_PL\" \/>\n<meta property=\"og:type\" content=\"article\" \/>\n<meta property=\"og:title\" content=\"Nowe kasyna\" \/>\n<meta property=\"og:description\" content=\"Przeczytaj ten artyku\u0142, aby pozna\u0107 wszystkie szczeg\u00f3\u0142y dotycz\u0105ce nowych kasyn online dost\u0119pnych dla graczy z Polski! Znajdziesz tu wszystkie istotne informacje.\" \/>\n<meta property=\"og:url\" content=\"https:\/\/bet1x2.com\/pl\/kasyna\/nowe-kasyna\/\" \/>\n<meta property=\"og:site_name\" content=\"Bet1x2\" \/>\n<meta property=\"article:modified_time\" content=\"2025-02-21T10:10:51+00:00\" \/>\n<meta name=\"twitter:card\" content=\"summary_large_image\" \/>\n<meta name=\"twitter:label1\" content=\"Szacowany czas czytania\" \/>\n\t<meta name=\"twitter:data1\" content=\"13 minut\" \/>\n<script type=\"application\/ld+json\" class=\"yoast-schema-graph\">{\"@context\":\"https:\/\/schema.org\",\"@graph\":[{\"@type\":\"WebPage\",\"@id\":\"https:\/\/bet1x2.com\/pl\/kasyna\/nowe-kasyna\/\",\"url\":\"https:\/\/bet1x2.com\/pl\/kasyna\/nowe-kasyna\/\",\"name\":\"Odkryj Nowe Kasyna Dla Graczy z Polski w 2025 Roku!\",\"isPartOf\":{\"@id\":\"https:\/\/bet1x2.com\/pl\/#website\"},\"datePublished\":\"2025-02-03T16:32:07+00:00\",\"dateModified\":\"2025-02-21T10:10:51+00:00\",\"description\":\"Przeczytaj ten artyku\u0142, aby pozna\u0107 wszystkie szczeg\u00f3\u0142y dotycz\u0105ce nowych kasyn online dost\u0119pnych dla graczy z Polski! Znajdziesz tu wszystkie istotne informacje.\",\"breadcrumb\":{\"@id\":\"https:\/\/bet1x2.com\/pl\/kasyna\/nowe-kasyna\/#breadcrumb\"},\"inLanguage\":\"pl-PL\",\"potentialAction\":[{\"@type\":\"ReadAction\",\"target\":[\"https:\/\/bet1x2.com\/pl\/kasyna\/nowe-kasyna\/\"]}]},{\"@type\":\"BreadcrumbList\",\"@id\":\"https:\/\/bet1x2.com\/pl\/kasyna\/nowe-kasyna\/#breadcrumb\",\"itemListElement\":[{\"@type\":\"ListItem\",\"position\":1,\"name\":\"Home\",\"item\":\"https:\/\/bet1x2.com\/pl\/\"},{\"@type\":\"ListItem\",\"position\":2,\"name\":\"Kasyna\",\"item\":\"https:\/\/bet1x2.com\/pl\/\"},{\"@type\":\"ListItem\",\"position\":3,\"name\":\"Nowe kasyna\"}]},{\"@type\":\"WebSite\",\"@id\":\"https:\/\/bet1x2.com\/pl\/#website\",\"url\":\"https:\/\/bet1x2.com\/pl\/\",\"name\":\"Bet1x2\",\"description\":\"Bonusy i promocje kasyn online w Polsce\",\"publisher\":{\"@id\":\"https:\/\/bet1x2.com\/pl\/#organization\"},\"potentialAction\":[{\"@type\":\"SearchAction\",\"target\":{\"@type\":\"EntryPoint\",\"urlTemplate\":\"https:\/\/bet1x2.com\/pl\/?s={search_term_string}\"},\"query-input\":{\"@type\":\"PropertyValueSpecification\",\"valueRequired\":true,\"valueName\":\"search_term_string\"}}],\"inLanguage\":\"pl-PL\"},{\"@type\":\"Organization\",\"@id\":\"https:\/\/bet1x2.com\/pl\/#organization\",\"name\":\"Bet1x2\",\"url\":\"https:\/\/bet1x2.com\/pl\/\",\"logo\":{\"@type\":\"ImageObject\",\"inLanguage\":\"pl-PL\",\"@id\":\"https:\/\/bet1x2.com\/pl\/#\/schema\/logo\/image\/\",\"url\":\"https:\/\/bet1x2.com\/pl\/wp-content\/uploads\/sites\/3\/2025\/02\/pl.svg\",\"contentUrl\":\"https:\/\/bet1x2.com\/pl\/wp-content\/uploads\/sites\/3\/2025\/02\/pl.svg\",\"caption\":\"Bet1x2\"},\"image\":{\"@id\":\"https:\/\/bet1x2.com\/pl\/#\/schema\/logo\/image\/\"}}]}<\/script>\n<!-- \/ Yoast SEO Premium plugin. -->","yoast_head_json":{"title":"Odkryj Nowe Kasyna Dla Graczy z Polski w 2025 Roku!","description":"Przeczytaj ten artyku\u0142, aby pozna\u0107 wszystkie szczeg\u00f3\u0142y dotycz\u0105ce nowych kasyn online dost\u0119pnych dla graczy z Polski! Znajdziesz tu wszystkie istotne informacje.","robots":{"index":"index","follow":"follow","max-snippet":"max-snippet:-1","max-image-preview":"max-image-preview:large","max-video-preview":"max-video-preview:-1"},"canonical":"https:\/\/bet1x2.com\/pl\/kasyna\/nowe-kasyna\/","og_locale":"pl_PL","og_type":"article","og_title":"Nowe kasyna","og_description":"Przeczytaj ten artyku\u0142, aby pozna\u0107 wszystkie szczeg\u00f3\u0142y dotycz\u0105ce nowych kasyn online dost\u0119pnych dla graczy z Polski! Znajdziesz tu wszystkie istotne informacje.","og_url":"https:\/\/bet1x2.com\/pl\/kasyna\/nowe-kasyna\/","og_site_name":"Bet1x2","article_modified_time":"2025-02-21T10:10:51+00:00","twitter_card":"summary_large_image","twitter_misc":{"Szacowany czas czytania":"13 minut"},"schema":{"@context":"https:\/\/schema.org","@graph":[{"@type":"WebPage","@id":"https:\/\/bet1x2.com\/pl\/kasyna\/nowe-kasyna\/","url":"https:\/\/bet1x2.com\/pl\/kasyna\/nowe-kasyna\/","name":"Odkryj Nowe Kasyna Dla Graczy z Polski w 2025 Roku!","isPartOf":{"@id":"https:\/\/bet1x2.com\/pl\/#website"},"datePublished":"2025-02-03T16:32:07+00:00","dateModified":"2025-02-21T10:10:51+00:00","description":"Przeczytaj ten artyku\u0142, aby pozna\u0107 wszystkie szczeg\u00f3\u0142y dotycz\u0105ce nowych kasyn online dost\u0119pnych dla graczy z Polski! Znajdziesz tu wszystkie istotne informacje.","breadcrumb":{"@id":"https:\/\/bet1x2.com\/pl\/kasyna\/nowe-kasyna\/#breadcrumb"},"inLanguage":"pl-PL","potentialAction":[{"@type":"ReadAction","target":["https:\/\/bet1x2.com\/pl\/kasyna\/nowe-kasyna\/"]}]},{"@type":"BreadcrumbList","@id":"https:\/\/bet1x2.com\/pl\/kasyna\/nowe-kasyna\/#breadcrumb","itemListElement":[{"@type":"ListItem","position":1,"name":"Home","item":"https:\/\/bet1x2.com\/pl\/"},{"@type":"ListItem","position":2,"name":"Kasyna","item":"https:\/\/bet1x2.com\/pl\/"},{"@type":"ListItem","position":3,"name":"Nowe kasyna"}]},{"@type":"WebSite","@id":"https:\/\/bet1x2.com\/pl\/#website","url":"https:\/\/bet1x2.com\/pl\/","name":"Bet1x2","description":"Bonusy i promocje kasyn online w Polsce","publisher":{"@id":"https:\/\/bet1x2.com\/pl\/#organization"},"potentialAction":[{"@type":"SearchAction","target":{"@type":"EntryPoint","urlTemplate":"https:\/\/bet1x2.com\/pl\/?s={search_term_string}"},"query-input":{"@type":"PropertyValueSpecification","valueRequired":true,"valueName":"search_term_string"}}],"inLanguage":"pl-PL"},{"@type":"Organization","@id":"https:\/\/bet1x2.com\/pl\/#organization","name":"Bet1x2","url":"https:\/\/bet1x2.com\/pl\/","logo":{"@type":"ImageObject","inLanguage":"pl-PL","@id":"https:\/\/bet1x2.com\/pl\/#\/schema\/logo\/image\/","url":"https:\/\/bet1x2.com\/pl\/wp-content\/uploads\/sites\/3\/2025\/02\/pl.svg","contentUrl":"https:\/\/bet1x2.com\/pl\/wp-content\/uploads\/sites\/3\/2025\/02\/pl.svg","caption":"Bet1x2"},"image":{"@id":"https:\/\/bet1x2.com\/pl\/#\/schema\/logo\/image\/"}}]}},"_links":{"self":[{"href":"https:\/\/bet1x2.com\/pl\/wp-json\/wp\/v2\/pages\/66","targetHints":{"allow":["GET"]}}],"collection":[{"href":"https:\/\/bet1x2.com\/pl\/wp-json\/wp\/v2\/pages"}],"about":[{"href":"https:\/\/bet1x2.com\/pl\/wp-json\/wp\/v2\/types\/page"}],"author":[{"embeddable":true,"href":"https:\/\/bet1x2.com\/pl\/wp-json\/wp\/v2\/users\/1"}],"replies":[{"embeddable":true,"href":"https:\/\/bet1x2.com\/pl\/wp-json\/wp\/v2\/comments?post=66"}],"version-history":[{"count":20,"href":"https:\/\/bet1x2.com\/pl\/wp-json\/wp\/v2\/pages\/66\/revisions"}],"predecessor-version":[{"id":3465,"href":"https:\/\/bet1x2.com\/pl\/wp-json\/wp\/v2\/pages\/66\/revisions\/3465"}],"up":[{"embeddable":true,"href":"https:\/\/bet1x2.com\/pl\/wp-json\/wp\/v2\/pages\/2"}],"wp:attachment":[{"href":"https:\/\/bet1x2.com\/pl\/wp-json\/wp\/v2\/media?parent=66"}],"curies":[{"name":"wp","href":"https:\/\/api.w.org\/{rel}","templated":true}]}}